{"id":895,"date":"2019-08-25T18:46:33","date_gmt":"2019-08-25T16:46:33","guid":{"rendered":"http:\/\/mirus.at\/?page_id=895"},"modified":"2019-08-25T21:02:44","modified_gmt":"2019-08-25T19:02:44","slug":"gozo-2019-tag-2-25-8-2019","status":"publish","type":"page","link":"https:\/\/old.mirus.at\/index.php\/gozo-2019-tag-2-25-8-2019\/","title":{"rendered":"Gozo 2019 &#8211; Tag 2 &#8211; 25.8.2019"},"content":{"rendered":"<p>Heute gings nach Dwejra, wo fr\u00fcher das Azure Window gestanden ist, bis es 2017 eingest\u00fcrzt ist. Dort ging es beim ersten Tauchgang zur Coral Cave, einer H\u00f6hle mit vielen bunten Korallen. Es ist allerdings ziemlich finster dort drinnen, weshalb man eine Taschenlampe braucht, damit diese auch wirklich bunt sind. Der zweite Tauchgang war bei San Dimitri, wo ein kleineres Azure Window steht. Leider tun mir meine Ohren wieder ein bisschen weh, weshalb wir morgen nicht tauchen gehen werden.<br \/>\nAm Ende der Galerie sind nat\u00fcrlich auch wieder Bilder von Papas Nikon W300.<\/p>\n\t\t\t<style>\r\n                #foogallery-gallery-866.fg-justified .fg-item {\r\n                    margin-right: 1px;\r\n                    margin-bottom: 1px;\r\n                }\r\n\r\n                #foogallery-gallery-866.fg-justified .fg-image {\r\n                    height: 150px;\r\n                }\r\n\t\t\t<\/style>\r\n\t\t\t<div class=\"foogallery foogallery-container foogallery-justified foogallery-lightbox-none fg-justified fg-light fg-border-thin fg-shadow-outline fg-loading-default fg-loaded-fade-in fg-caption-hover fg-hover-fade fg-hover-zoom fg-ready\" id=\"foogallery-gallery-866\" data-foogallery=\"{&quot;item&quot;:{&quot;showCaptionTitle&quot;:true,&quot;showCaptionDescription&quot;:true},&quot;lazy&quot;:false,&quot;src&quot;:&quot;src&quot;,&quot;srcset&quot;:&quot;srcset&quot;,&quot;template&quot;:{&quot;rowHeight&quot;:150,&quot;maxRowHeight&quot;:300,&quot;margins&quot;:1,&quot;align&quot;:&quot;center&quot;,&quot;lastRow&quot;:&quot;smart&quot;}}\" >\r\n\t<div class=\"fg-item fg-type-image fg-loaded\"><figure class=\"fg-item-inner\"><a href=\"https:\/\/old.mirus.at\/wp-content\/uploads\/2019\/08\/DSC09696.jpg\" data-attachment-id=\"867\" class=\"fg-thumb\"><span class=\"fg-image-wrap\"><img src=\"https:\/\/old.mirus.at\/wp-content\/uploads\/cache\/2019\/08\/DSC09696\/166322790.jpg\" height=\"300\" width=\"450\" class=\"skip-lazy fg-image\" \/><\/span><span class=\"fg-image-overlay\"><\/span><\/a><figcaption class=\"fg-caption\"><div class=\"fg-caption-inner\"><\/div><\/figcaption><\/figure><div class=\"fg-loader\"><\/div><\/div><div class=\"fg-item fg-type-image fg-loaded\"><figure class=\"fg-item-inner\"><a href=\"https:\/\/old.mirus.at\/wp-content\/uploads\/2019\/08\/DSC09737-Bearbeitet.jpg\" data-attachment-id=\"871\" class=\"fg-thumb\"><span class=\"fg-image-wrap\"><img src=\"https:\/\/old.mirus.at\/wp-content\/uploads\/cache\/2019\/08\/DSC09737-Bearbeitet\/2284615431.jpg\" height=\"300\" width=\"450\" class=\"skip-lazy fg-image\" \/><\/span><span class=\"fg-image-overlay\"><\/span><\/a><figcaption class=\"fg-caption\"><div class=\"fg-caption-inner\"><\/div><\/figcaption><\/figure><div class=\"fg-loader\"><\/div><\/div><div class=\"fg-item fg-type-image fg-loaded\"><figure class=\"fg-item-inner\"><a href=\"https:\/\/old.mirus.at\/wp-content\/uploads\/2019\/08\/DSC09706.jpg\" data-attachment-id=\"869\" class=\"fg-thumb\"><span class=\"fg-image-wrap\"><img src=\"https:\/\/old.mirus.at\/wp-content\/uploads\/cache\/2019\/08\/DSC09706\/3981472332.jpg\" height=\"300\" width=\"450\" class=\"skip-lazy fg-image\" \/><\/span><span class=\"fg-image-overlay\"><\/span><\/a><figcaption class=\"fg-caption\"><div class=\"fg-caption-inner\"><\/div><\/figcaption><\/figure><div class=\"fg-loader\"><\/div><\/div><div class=\"fg-item fg-type-image fg-loaded\"><figure class=\"fg-item-inner\"><a href=\"https:\/\/old.mirus.at\/wp-content\/uploads\/2019\/08\/DSC09727.jpg\" data-attachment-id=\"870\" class=\"fg-thumb\"><span class=\"fg-image-wrap\"><img src=\"https:\/\/old.mirus.at\/wp-content\/uploads\/cache\/2019\/08\/DSC09727\/3373319947.jpg\" height=\"300\" width=\"450\" class=\"skip-lazy fg-image\" \/><\/span><span class=\"fg-image-overlay\"><\/span><\/a><figcaption class=\"fg-caption\"><div class=\"fg-caption-inner\"><\/div><\/figcaption><\/figure><div class=\"fg-loader\"><\/div><\/div><div class=\"fg-item fg-type-image fg-loaded\"><figure class=\"fg-item-inner\"><a href=\"https:\/\/old.mirus.at\/wp-content\/uploads\/2019\/08\/DSC09751.jpg\" data-attachment-id=\"873\" class=\"fg-thumb\"><span class=\"fg-image-wrap\"><img src=\"https:\/\/old.mirus.at\/wp-content\/uploads\/cache\/2019\/08\/DSC09751\/2713802992.jpg\" height=\"300\" width=\"450\" class=\"skip-lazy fg-image\" \/><\/span><span class=\"fg-image-overlay\"><\/span><\/a><figcaption class=\"fg-caption\"><div class=\"fg-caption-inner\"><\/div><\/figcaption><\/figure><div class=\"fg-loader\"><\/div><\/div><div class=\"fg-item fg-type-image fg-loaded\"><figure class=\"fg-item-inner\"><a href=\"https:\/\/old.mirus.at\/wp-content\/uploads\/2019\/08\/DSC09762-Bearbeitet.jpg\" data-attachment-id=\"875\" class=\"fg-thumb\"><span class=\"fg-image-wrap\"><img src=\"https:\/\/old.mirus.at\/wp-content\/uploads\/cache\/2019\/08\/DSC09762-Bearbeitet\/2263707516.jpg\" height=\"300\" width=\"450\" class=\"skip-lazy fg-image\" \/><\/span><span class=\"fg-image-overlay\"><\/span><\/a><figcaption class=\"fg-caption\"><div class=\"fg-caption-inner\"><\/div><\/figcaption><\/figure><div class=\"fg-loader\"><\/div><\/div><div class=\"fg-item fg-type-image fg-loaded\"><figure class=\"fg-item-inner\"><a href=\"https:\/\/old.mirus.at\/wp-content\/uploads\/2019\/08\/DSC09765.jpg\" data-attachment-id=\"876\" class=\"fg-thumb\"><span class=\"fg-image-wrap\"><img src=\"https:\/\/old.mirus.at\/wp-content\/uploads\/cache\/2019\/08\/DSC09765\/2551668817.jpg\" height=\"300\" width=\"450\" class=\"skip-lazy fg-image\" \/><\/span><span class=\"fg-image-overlay\"><\/span><\/a><figcaption class=\"fg-caption\"><div class=\"fg-caption-inner\"><\/div><\/figcaption><\/figure><div class=\"fg-loader\"><\/div><\/div><div class=\"fg-item fg-type-image fg-loaded\"><figure class=\"fg-item-inner\"><a href=\"https:\/\/old.mirus.at\/wp-content\/uploads\/2019\/08\/DSC09774.jpg\" data-attachment-id=\"877\" class=\"fg-thumb\"><span class=\"fg-image-wrap\"><img src=\"https:\/\/old.mirus.at\/wp-content\/uploads\/cache\/2019\/08\/DSC09774\/3009159200.jpg\" height=\"300\" width=\"450\" class=\"skip-lazy fg-image\" \/><\/span><span class=\"fg-image-overlay\"><\/span><\/a><figcaption class=\"fg-caption\"><div class=\"fg-caption-inner\"><\/div><\/figcaption><\/figure><div class=\"fg-loader\"><\/div><\/div><div class=\"fg-item fg-type-image fg-loaded\"><figure class=\"fg-item-inner\"><a href=\"https:\/\/old.mirus.at\/wp-content\/uploads\/2019\/08\/DSC09756.jpg\" data-attachment-id=\"874\" class=\"fg-thumb\"><span class=\"fg-image-wrap\"><img src=\"https:\/\/old.mirus.at\/wp-content\/uploads\/cache\/2019\/08\/DSC09756\/357626990.jpg\" height=\"300\" width=\"450\" class=\"skip-lazy fg-image\" \/><\/span><span class=\"fg-image-overlay\"><\/span><\/a><figcaption class=\"fg-caption\"><div class=\"fg-caption-inner\"><\/div><\/figcaption><\/figure><div class=\"fg-loader\"><\/div><\/div><div class=\"fg-item fg-type-image fg-loaded\"><figure class=\"fg-item-inner\"><a href=\"https:\/\/old.mirus.at\/wp-content\/uploads\/2019\/08\/DSC09777.jpg\" data-attachment-id=\"878\" class=\"fg-thumb\"><span class=\"fg-image-wrap\"><img src=\"https:\/\/old.mirus.at\/wp-content\/uploads\/cache\/2019\/08\/DSC09777\/1787903520.jpg\" height=\"300\" width=\"450\" class=\"skip-lazy fg-image\" \/><\/span><span class=\"fg-image-overlay\"><\/span><\/a><figcaption class=\"fg-caption\"><div class=\"fg-caption-inner\"><\/div><\/figcaption><\/figure><div class=\"fg-loader\"><\/div><\/div><div class=\"fg-item fg-type-image fg-loaded\"><figure class=\"fg-item-inner\"><a href=\"https:\/\/old.mirus.at\/wp-content\/uploads\/2019\/08\/DSC09796.jpg\" data-attachment-id=\"880\" class=\"fg-thumb\"><span class=\"fg-image-wrap\"><img src=\"https:\/\/old.mirus.at\/wp-content\/uploads\/cache\/2019\/08\/DSC09796\/3199969427.jpg\" height=\"300\" width=\"450\" class=\"skip-lazy fg-image\" \/><\/span><span class=\"fg-image-overlay\"><\/span><\/a><figcaption class=\"fg-caption\"><div class=\"fg-caption-inner\"><\/div><\/figcaption><\/figure><div class=\"fg-loader\"><\/div><\/div><div class=\"fg-item fg-type-image fg-loaded\"><figure class=\"fg-item-inner\"><a href=\"https:\/\/old.mirus.at\/wp-content\/uploads\/2019\/08\/DSC09783.jpg\" data-attachment-id=\"879\" class=\"fg-thumb\"><span class=\"fg-image-wrap\"><img src=\"https:\/\/old.mirus.at\/wp-content\/uploads\/cache\/2019\/08\/DSC09783\/3254299559.jpg\" height=\"300\" width=\"450\" class=\"skip-lazy fg-image\" \/><\/span><span class=\"fg-image-overlay\"><\/span><\/a><figcaption class=\"fg-caption\"><div class=\"fg-caption-inner\"><\/div><\/figcaption><\/figure><div class=\"fg-loader\"><\/div><\/div><div class=\"fg-item fg-type-image fg-loaded\"><figure class=\"fg-item-inner\"><a href=\"https:\/\/old.mirus.at\/wp-content\/uploads\/2019\/08\/DSC09748.jpg\" data-attachment-id=\"872\" class=\"fg-thumb\"><span class=\"fg-image-wrap\"><img src=\"https:\/\/old.mirus.at\/wp-content\/uploads\/cache\/2019\/08\/DSC09748\/1500447540.jpg\" height=\"300\" width=\"450\" class=\"skip-lazy fg-image\" \/><\/span><span class=\"fg-image-overlay\"><\/span><\/a><figcaption class=\"fg-caption\"><div class=\"fg-caption-inner\"><\/div><\/figcaption><\/figure><div class=\"fg-loader\"><\/div><\/div><div class=\"fg-item fg-type-image fg-loaded\"><figure class=\"fg-item-inner\"><a href=\"https:\/\/old.mirus.at\/wp-content\/uploads\/2019\/08\/DSC09803.jpg\" data-attachment-id=\"881\" class=\"fg-thumb\"><span class=\"fg-image-wrap\"><img src=\"https:\/\/old.mirus.at\/wp-content\/uploads\/cache\/2019\/08\/DSC09803\/1533616013.jpg\" height=\"300\" width=\"450\" class=\"skip-lazy fg-image\" \/><\/span><span class=\"fg-image-overlay\"><\/span><\/a><figcaption class=\"fg-caption\"><div class=\"fg-caption-inner\"><\/div><\/figcaption><\/figure><div class=\"fg-loader\"><\/div><\/div><div class=\"fg-item fg-type-image fg-loaded\"><figure class=\"fg-item-inner\"><a href=\"https:\/\/old.mirus.at\/wp-content\/uploads\/2019\/08\/DSC09823.jpg\" data-attachment-id=\"883\" class=\"fg-thumb\"><span class=\"fg-image-wrap\"><img src=\"https:\/\/old.mirus.at\/wp-content\/uploads\/cache\/2019\/08\/DSC09823\/1339725842.jpg\" height=\"300\" width=\"450\" class=\"skip-lazy fg-image\" \/><\/span><span class=\"fg-image-overlay\"><\/span><\/a><figcaption class=\"fg-caption\"><div class=\"fg-caption-inner\"><\/div><\/figcaption><\/figure><div class=\"fg-loader\"><\/div><\/div><div class=\"fg-item fg-type-image fg-loaded\"><figure class=\"fg-item-inner\"><a href=\"https:\/\/old.mirus.at\/wp-content\/uploads\/2019\/08\/DSC09822.jpg\" data-attachment-id=\"882\" class=\"fg-thumb\"><span class=\"fg-image-wrap\"><img src=\"https:\/\/old.mirus.at\/wp-content\/uploads\/cache\/2019\/08\/DSC09822\/1944767520.jpg\" height=\"300\" width=\"450\" class=\"skip-lazy fg-image\" \/><\/span><span class=\"fg-image-overlay\"><\/span><\/a><figcaption class=\"fg-caption\"><div class=\"fg-caption-inner\"><\/div><\/figcaption><\/figure><div class=\"fg-loader\"><\/div><\/div><div class=\"fg-item fg-type-image fg-loaded\"><figure class=\"fg-item-inner\"><a href=\"https:\/\/old.mirus.at\/wp-content\/uploads\/2019\/08\/DSC09832.jpg\" data-attachment-id=\"884\" class=\"fg-thumb\"><span class=\"fg-image-wrap\"><img src=\"https:\/\/old.mirus.at\/wp-content\/uploads\/cache\/2019\/08\/DSC09832\/710879560.jpg\" height=\"300\" width=\"300\" class=\"skip-lazy fg-image\" \/><\/span><span class=\"fg-image-overlay\"><\/span><\/a><figcaption class=\"fg-caption\"><div class=\"fg-caption-inner\"><\/div><\/figcaption><\/figure><div class=\"fg-loader\"><\/div><\/div><div class=\"fg-item fg-type-image fg-loaded\"><figure class=\"fg-item-inner\"><a href=\"https:\/\/old.mirus.at\/wp-content\/uploads\/2019\/08\/DSC09867.jpg\" data-attachment-id=\"886\" class=\"fg-thumb\"><span class=\"fg-image-wrap\"><img src=\"https:\/\/old.mirus.at\/wp-content\/uploads\/cache\/2019\/08\/DSC09867\/309185914.jpg\" height=\"300\" width=\"450\" class=\"skip-lazy fg-image\" \/><\/span><span class=\"fg-image-overlay\"><\/span><\/a><figcaption class=\"fg-caption\"><div class=\"fg-caption-inner\"><\/div><\/figcaption><\/figure><div class=\"fg-loader\"><\/div><\/div><div class=\"fg-item fg-type-image fg-loaded\"><figure class=\"fg-item-inner\"><a href=\"https:\/\/old.mirus.at\/wp-content\/uploads\/2019\/08\/DSC09850-Bearbeitet.jpg\" data-attachment-id=\"885\" class=\"fg-thumb\"><span class=\"fg-image-wrap\"><img src=\"https:\/\/old.mirus.at\/wp-content\/uploads\/cache\/2019\/08\/DSC09850-Bearbeitet\/1999207197.jpg\" height=\"300\" width=\"450\" class=\"skip-lazy fg-image\" \/><\/span><span class=\"fg-image-overlay\"><\/span><\/a><figcaption class=\"fg-caption\"><div class=\"fg-caption-inner\"><\/div><\/figcaption><\/figure><div class=\"fg-loader\"><\/div><\/div><div class=\"fg-item fg-type-image fg-loaded\"><figure class=\"fg-item-inner\"><a href=\"https:\/\/old.mirus.at\/wp-content\/uploads\/2019\/08\/DSC09868.jpg\" data-attachment-id=\"887\" class=\"fg-thumb\"><span class=\"fg-image-wrap\"><img src=\"https:\/\/old.mirus.at\/wp-content\/uploads\/cache\/2019\/08\/DSC09868\/1003981690.jpg\" height=\"300\" width=\"200\" class=\"skip-lazy fg-image\" \/><\/span><span class=\"fg-image-overlay\"><\/span><\/a><figcaption class=\"fg-caption\"><div class=\"fg-caption-inner\"><\/div><\/figcaption><\/figure><div class=\"fg-loader\"><\/div><\/div><div class=\"fg-item fg-type-image fg-loaded\"><figure class=\"fg-item-inner\"><a href=\"https:\/\/old.mirus.at\/wp-content\/uploads\/2019\/08\/DSC09883.jpg\" data-attachment-id=\"888\" class=\"fg-thumb\"><span class=\"fg-image-wrap\"><img src=\"https:\/\/old.mirus.at\/wp-content\/uploads\/cache\/2019\/08\/DSC09883\/4181546333.jpg\" height=\"300\" width=\"450\" class=\"skip-lazy fg-image\" \/><\/span><span class=\"fg-image-overlay\"><\/span><\/a><figcaption class=\"fg-caption\"><div class=\"fg-caption-inner\"><\/div><\/figcaption><\/figure><div class=\"fg-loader\"><\/div><\/div><div class=\"fg-item fg-type-image fg-loaded\"><figure class=\"fg-item-inner\"><a href=\"https:\/\/old.mirus.at\/wp-content\/uploads\/2019\/08\/DSC09901.jpg\" data-attachment-id=\"890\" class=\"fg-thumb\"><span class=\"fg-image-wrap\"><img src=\"https:\/\/old.mirus.at\/wp-content\/uploads\/cache\/2019\/08\/DSC09901\/3649327861.jpg\" height=\"300\" width=\"200\" class=\"skip-lazy fg-image\" \/><\/span><span class=\"fg-image-overlay\"><\/span><\/a><figcaption class=\"fg-caption\"><div class=\"fg-caption-inner\"><\/div><\/figcaption><\/figure><div class=\"fg-loader\"><\/div><\/div><div class=\"fg-item fg-type-image fg-loaded\"><figure class=\"fg-item-inner\"><a href=\"https:\/\/old.mirus.at\/wp-content\/uploads\/2019\/08\/DSC09888.jpg\" data-attachment-id=\"889\" class=\"fg-thumb\"><span class=\"fg-image-wrap\"><img src=\"https:\/\/old.mirus.at\/wp-content\/uploads\/cache\/2019\/08\/DSC09888\/1422728615.jpg\" height=\"300\" width=\"450\" class=\"skip-lazy fg-image\" \/><\/span><span class=\"fg-image-overlay\"><\/span><\/a><figcaption class=\"fg-caption\"><div class=\"fg-caption-inner\"><\/div><\/figcaption><\/figure><div class=\"fg-loader\"><\/div><\/div><div class=\"fg-item fg-type-image fg-loaded\"><figure class=\"fg-item-inner\"><a href=\"https:\/\/old.mirus.at\/wp-content\/uploads\/2019\/08\/DSC09904.jpg\" data-attachment-id=\"891\" class=\"fg-thumb\"><span class=\"fg-image-wrap\"><img src=\"https:\/\/old.mirus.at\/wp-content\/uploads\/cache\/2019\/08\/DSC09904\/1644038205.jpg\" height=\"300\" width=\"450\" class=\"skip-lazy fg-image\" \/><\/span><span class=\"fg-image-overlay\"><\/span><\/a><figcaption class=\"fg-caption\"><div class=\"fg-caption-inner\"><\/div><\/figcaption><\/figure><div class=\"fg-loader\"><\/div><\/div><div class=\"fg-item fg-type-image fg-loaded\"><figure class=\"fg-item-inner\"><a href=\"https:\/\/old.mirus.at\/wp-content\/uploads\/2019\/08\/DSC09908.jpg\" data-attachment-id=\"892\" class=\"fg-thumb\"><span class=\"fg-image-wrap\"><img src=\"https:\/\/old.mirus.at\/wp-content\/uploads\/cache\/2019\/08\/DSC09908\/4237223623.jpg\" height=\"300\" width=\"450\" class=\"skip-lazy fg-image\" \/><\/span><span class=\"fg-image-overlay\"><\/span><\/a><figcaption class=\"fg-caption\"><div class=\"fg-caption-inner\"><\/div><\/figcaption><\/figure><div class=\"fg-loader\"><\/div><\/div><div class=\"fg-item fg-type-image fg-loaded\"><figure class=\"fg-item-inner\"><a href=\"https:\/\/old.mirus.at\/wp-content\/uploads\/2019\/08\/DSC09912.jpg\" data-attachment-id=\"893\" class=\"fg-thumb\"><span class=\"fg-image-wrap\"><img src=\"https:\/\/old.mirus.at\/wp-content\/uploads\/cache\/2019\/08\/DSC09912\/2326772448.jpg\" height=\"300\" width=\"450\" class=\"skip-lazy fg-image\" \/><\/span><span class=\"fg-image-overlay\"><\/span><\/a><figcaption class=\"fg-caption\"><div class=\"fg-caption-inner\"><\/div><\/figcaption><\/figure><div class=\"fg-loader\"><\/div><\/div><div class=\"fg-item fg-type-image fg-loaded\"><figure class=\"fg-item-inner\"><a href=\"https:\/\/old.mirus.at\/wp-content\/uploads\/2019\/08\/DSC09922.jpg\" data-attachment-id=\"894\" class=\"fg-thumb\"><span class=\"fg-image-wrap\"><img src=\"https:\/\/old.mirus.at\/wp-content\/uploads\/cache\/2019\/08\/DSC09922\/225846178.jpg\" height=\"300\" width=\"450\" class=\"skip-lazy fg-image\" \/><\/span><span class=\"fg-image-overlay\"><\/span><\/a><figcaption class=\"fg-caption\"><div class=\"fg-caption-inner\"><\/div><\/figcaption><\/figure><div class=\"fg-loader\"><\/div><\/div><div class=\"fg-item fg-type-image fg-loaded\"><figure class=\"fg-item-inner\"><a href=\"https:\/\/old.mirus.at\/wp-content\/uploads\/2019\/08\/1566754460137-334974377.jpg\" data-attachment-id=\"910\" class=\"fg-thumb\"><span class=\"fg-image-wrap\"><img src=\"https:\/\/old.mirus.at\/wp-content\/uploads\/cache\/2019\/08\/1566754460137-334974377\/2669768610.jpg\" height=\"300\" width=\"400\" class=\"skip-lazy fg-image\" \/><\/span><span class=\"fg-image-overlay\"><\/span><\/a><figcaption class=\"fg-caption\"><div class=\"fg-caption-inner\"><\/div><\/figcaption><\/figure><div class=\"fg-loader\"><\/div><\/div><div class=\"fg-item fg-type-image fg-loaded\"><figure class=\"fg-item-inner\"><a href=\"https:\/\/old.mirus.at\/wp-content\/uploads\/2019\/08\/1566754555942106964090.jpg\" data-attachment-id=\"907\" class=\"fg-thumb\"><span class=\"fg-image-wrap\"><img src=\"https:\/\/old.mirus.at\/wp-content\/uploads\/cache\/2019\/08\/1566754555942106964090\/1093837947.jpg\" height=\"300\" width=\"400\" class=\"skip-lazy fg-image\" \/><\/span><span class=\"fg-image-overlay\"><\/span><\/a><figcaption class=\"fg-caption\"><div class=\"fg-caption-inner\"><\/div><\/figcaption><\/figure><div class=\"fg-loader\"><\/div><\/div><div class=\"fg-item fg-type-image fg-loaded\"><figure class=\"fg-item-inner\"><a href=\"https:\/\/old.mirus.at\/wp-content\/uploads\/2019\/08\/15667546077451611525552.jpg\" data-attachment-id=\"908\" class=\"fg-thumb\"><span class=\"fg-image-wrap\"><img src=\"https:\/\/old.mirus.at\/wp-content\/uploads\/cache\/2019\/08\/15667546077451611525552\/274950101.jpg\" height=\"300\" width=\"400\" class=\"skip-lazy fg-image\" \/><\/span><span class=\"fg-image-overlay\"><\/span><\/a><figcaption class=\"fg-caption\"><div class=\"fg-caption-inner\"><\/div><\/figcaption><\/figure><div class=\"fg-loader\"><\/div><\/div><div class=\"fg-item fg-type-image fg-loaded\"><figure class=\"fg-item-inner\"><a href=\"https:\/\/old.mirus.at\/wp-content\/uploads\/2019\/08\/1566754502089-94552688.jpg\" data-attachment-id=\"900\" class=\"fg-thumb\"><span class=\"fg-image-wrap\"><img src=\"https:\/\/old.mirus.at\/wp-content\/uploads\/cache\/2019\/08\/1566754502089-94552688\/2590521672.jpg\" height=\"300\" width=\"400\" class=\"skip-lazy fg-image\" \/><\/span><span class=\"fg-image-overlay\"><\/span><\/a><figcaption class=\"fg-caption\"><div class=\"fg-caption-inner\"><\/div><\/figcaption><\/figure><div class=\"fg-loader\"><\/div><\/div><div class=\"fg-item fg-type-image fg-loaded\"><figure class=\"fg-item-inner\"><a href=\"https:\/\/old.mirus.at\/wp-content\/uploads\/2019\/08\/1566754545086-1581544718.jpg\" data-attachment-id=\"901\" class=\"fg-thumb\"><span class=\"fg-image-wrap\"><img src=\"https:\/\/old.mirus.at\/wp-content\/uploads\/cache\/2019\/08\/1566754545086-1581544718\/3170124052.jpg\" height=\"300\" width=\"400\" class=\"skip-lazy fg-image\" \/><\/span><span class=\"fg-image-overlay\"><\/span><\/a><figcaption class=\"fg-caption\"><div class=\"fg-caption-inner\"><\/div><\/figcaption><\/figure><div class=\"fg-loader\"><\/div><\/div><div class=\"fg-item fg-type-image fg-loaded\"><figure class=\"fg-item-inner\"><a href=\"https:\/\/old.mirus.at\/wp-content\/uploads\/2019\/08\/1566754615891-1353180311.jpg\" data-attachment-id=\"902\" class=\"fg-thumb\"><span class=\"fg-image-wrap\"><img src=\"https:\/\/old.mirus.at\/wp-content\/uploads\/cache\/2019\/08\/1566754615891-1353180311\/3432419706.jpg\" height=\"300\" width=\"400\" class=\"skip-lazy fg-image\" \/><\/span><span class=\"fg-image-overlay\"><\/span><\/a><figcaption class=\"fg-caption\"><div class=\"fg-caption-inner\"><\/div><\/figcaption><\/figure><div class=\"fg-loader\"><\/div><\/div><div class=\"fg-item fg-type-image fg-loaded\"><figure class=\"fg-item-inner\"><a href=\"https:\/\/old.mirus.at\/wp-content\/uploads\/2019\/08\/1566754642951-1141990822.jpg\" data-attachment-id=\"903\" class=\"fg-thumb\"><span class=\"fg-image-wrap\"><img src=\"https:\/\/old.mirus.at\/wp-content\/uploads\/cache\/2019\/08\/1566754642951-1141990822\/3935349611.jpg\" height=\"300\" width=\"400\" class=\"skip-lazy fg-image\" \/><\/span><span class=\"fg-image-overlay\"><\/span><\/a><figcaption class=\"fg-caption\"><div class=\"fg-caption-inner\"><\/div><\/figcaption><\/figure><div class=\"fg-loader\"><\/div><\/div><div class=\"fg-item fg-type-image fg-loaded\"><figure class=\"fg-item-inner\"><a href=\"https:\/\/old.mirus.at\/wp-content\/uploads\/2019\/08\/1566754745584-1873553523.jpg\" data-attachment-id=\"904\" class=\"fg-thumb\"><span class=\"fg-image-wrap\"><img src=\"https:\/\/old.mirus.at\/wp-content\/uploads\/cache\/2019\/08\/1566754745584-1873553523\/2487298728.jpg\" height=\"300\" width=\"400\" class=\"skip-lazy fg-image\" \/><\/span><span class=\"fg-image-overlay\"><\/span><\/a><figcaption class=\"fg-caption\"><div class=\"fg-caption-inner\"><\/div><\/figcaption><\/figure><div class=\"fg-loader\"><\/div><\/div><div class=\"fg-item fg-type-image fg-loaded\"><figure class=\"fg-item-inner\"><a href=\"https:\/\/old.mirus.at\/wp-content\/uploads\/2019\/08\/1566754437419133958522.jpg\" data-attachment-id=\"905\" class=\"fg-thumb\"><span class=\"fg-image-wrap\"><img src=\"https:\/\/old.mirus.at\/wp-content\/uploads\/cache\/2019\/08\/1566754437419133958522\/1546972023.jpg\" height=\"300\" width=\"400\" class=\"skip-lazy fg-image\" \/><\/span><span class=\"fg-image-overlay\"><\/span><\/a><figcaption class=\"fg-caption\"><div class=\"fg-caption-inner\"><\/div><\/figcaption><\/figure><div class=\"fg-loader\"><\/div><\/div><div class=\"fg-item fg-type-image fg-loaded\"><figure class=\"fg-item-inner\"><a href=\"https:\/\/old.mirus.at\/wp-content\/uploads\/2019\/08\/15667544746422132937498.jpg\" data-attachment-id=\"906\" class=\"fg-thumb\"><span class=\"fg-image-wrap\"><img src=\"https:\/\/old.mirus.at\/wp-content\/uploads\/cache\/2019\/08\/15667544746422132937498\/1258775911.jpg\" height=\"300\" width=\"400\" class=\"skip-lazy fg-image\" \/><\/span><span class=\"fg-image-overlay\"><\/span><\/a><figcaption class=\"fg-caption\"><div class=\"fg-caption-inner\"><\/div><\/figcaption><\/figure><div class=\"fg-loader\"><\/div><\/div><div class=\"fg-item fg-type-image fg-loaded\"><figure class=\"fg-item-inner\"><a href=\"https:\/\/old.mirus.at\/wp-content\/uploads\/2019\/08\/1566754397034-1667231560.jpg\" data-attachment-id=\"909\" class=\"fg-thumb\"><span class=\"fg-image-wrap\"><img src=\"https:\/\/old.mirus.at\/wp-content\/uploads\/cache\/2019\/08\/1566754397034-1667231560\/2510616124.jpg\" height=\"300\" width=\"400\" class=\"skip-lazy fg-image\" \/><\/span><span class=\"fg-image-overlay\"><\/span><\/a><figcaption class=\"fg-caption\"><div class=\"fg-caption-inner\"><\/div><\/figcaption><\/figure><div class=\"fg-loader\"><\/div><\/div><\/div>\r\n\n","protected":false},"excerpt":{"rendered":"<p>Heute gings nach Dwejra, wo fr\u00fcher das Azure Window gestanden ist, bis es 2017 eingest\u00fcrzt ist. Dort ging es beim&hellip; <\/p>\n","protected":false},"author":1,"featured_media":0,"parent":0,"menu_order":0,"comment_status":"closed","ping_status":"closed","template":"","meta":{"spay_email":""},"_links":{"self":[{"href":"https:\/\/old.mirus.at\/index.php\/wp-json\/wp\/v2\/pages\/895"}],"collection":[{"href":"https:\/\/old.mirus.at\/index.php\/wp-json\/wp\/v2\/pages"}],"about":[{"href":"https:\/\/old.mirus.at\/index.php\/wp-json\/wp\/v2\/types\/page"}],"author":[{"embeddable":true,"href":"https:\/\/old.mirus.at\/index.php\/wp-json\/wp\/v2\/users\/1"}],"replies":[{"embeddable":true,"href":"https:\/\/old.mirus.at\/index.php\/wp-json\/wp\/v2\/comments?post=895"}],"version-history":[{"count":3,"href":"https:\/\/old.mirus.at\/index.php\/wp-json\/wp\/v2\/pages\/895\/revisions"}],"predecessor-version":[{"id":911,"href":"https:\/\/old.mirus.at\/index.php\/wp-json\/wp\/v2\/pages\/895\/revisions\/911"}],"wp:attachment":[{"href":"https:\/\/old.mirus.at\/index.php\/wp-json\/wp\/v2\/media?parent=895"}],"curies":[{"name":"wp","href":"https:\/\/api.w.org\/{rel}","templated":true}]}}