{"id":2163,"date":"2022-07-30T16:58:07","date_gmt":"2022-07-30T14:58:07","guid":{"rendered":"https:\/\/www.mirus.at\/?page_id=2163"},"modified":"2022-07-31T13:54:37","modified_gmt":"2022-07-31T11:54:37","slug":"nwt-2022-tag-6","status":"publish","type":"page","link":"https:\/\/old.mirus.at\/index.php\/nwt-2022-tag-6\/","title":{"rendered":"NWT 2022 &#8211; Tag 6 &#8211; Dolphinhouse"},"content":{"rendered":"\n<p>Wir tauchen an den Kanal zur Lagune, den die Delphine passieren wenn sie schlafen gehen bzw wieder aus der Lagune raus wollen. Ein Taucher aus unserer Gruppe zeigt mir eine Mur\u00e4ne, die ich fotografieren will, wobei ich feststellen muss dass ich meine Kamera am Vortag scheinbar schlampig zusammengebaut habe und das Objektiv nicht vollst\u00e4ndig reingeschraubt ist. Ich kann also nicht fokussieren und daher auch keine Fotos machen. Als h\u00e4tten sies gewusst, h\u00f6ren wir einige Sekunden sp\u00e4ter auch schon den Ruf von Delphinen, woraufhin 4 auf uns zuschwimmen. Immerhin wei\u00df ich schon dass meine Kamera nicht funktioniert und schaue den Delphinen zu wie sie uns kurz umkreisen und nach etwa einer Minute in Richtung Lagunenausgang abhauen. Ein cooles Erlebnis, sie h\u00e4tten aber auch etwas l\u00e4nger bleiben k\u00f6nnen \ud83d\ude1b<\/p>\n\n\n\n<p>Wir sehen noch einen Filamented Devilfish, den die anderen aus der Gruppe scheinbar nicht mochten, den ich aber irrsinnig cool fand. Ich frage Papa unterwasser ob ich mir die Kamera ausborgen darf und schie\u00dfe ein paar Fotos davon. <\/p>\n\n\n\n<p>Unser letzter Tauchgang ist unguided, wieder am Dolphinhouse. Wir starten vom Boot aus, wo uns sofort ein Delphin begr\u00fc\u00dft. Ich war gerade erst dabei die Kamera auszupacken und einzustellen, daher gibt es hier auch nur nen snapshot. Wir machen uns auf zum Laguneneingang bis etwa zu der Stelle wo wir am Vormittag waren.  Dann drehen wir um und Papa und ich verlieren Ingrid und Ines, da ich noch ein bisschen nach Delphinen Ausschau halten will und au\u00dferdem als erster am Boot sein wollte, um die Kamera noch gut waschen zu k\u00f6nnen. Wir m\u00fcssen gegen Str\u00f6mung anschwimmen, was mir leichter f\u00e4llt, da ich direkt \u00fcber dem Boden tauche, doch Papa tut sich 1-2m \u00fcber mir wesentlich schwerer. Wir halten kurz am Ausschaupunkt, doch sehen keine Delphine.<\/p>\n\n\n\n<p>Zur\u00fcck am Boot wird schnell alles gewaschen und aufgeh\u00e4ngt. Den Rest des Tages verbringen wir mit Organisatorischem, Fotos bearbeiten und Packen. <\/p>\n\n\n\n<figure class=\"wp-block-image size-large\"><img loading=\"lazy\" width=\"1024\" height=\"769\" src=\"https:\/\/old.mirus.at\/wp-content\/uploads\/2022\/07\/20220726_175212-1024x769.jpg\" alt=\"\" class=\"wp-image-2357\" srcset=\"https:\/\/old.mirus.at\/wp-content\/uploads\/2022\/07\/20220726_175212-1024x769.jpg 1024w, https:\/\/old.mirus.at\/wp-content\/uploads\/2022\/07\/20220726_175212-300x225.jpg 300w, https:\/\/old.mirus.at\/wp-content\/uploads\/2022\/07\/20220726_175212-768x577.jpg 768w, https:\/\/old.mirus.at\/wp-content\/uploads\/2022\/07\/20220726_175212-1536x1153.jpg 1536w, https:\/\/old.mirus.at\/wp-content\/uploads\/2022\/07\/20220726_175212-2048x1538.jpg 2048w\" sizes=\"(max-width: 1024px) 100vw, 1024px\" \/><\/figure>\n\n\n\n<p>Fotos von Tobias:<\/p>\n\n\n\t\t\t<style>\r\n                #foogallery-gallery-2277.fg-justified .fg-item {\r\n                    margin-right: 2px;\r\n                    margin-bottom: 2px;\r\n                }\r\n\r\n                #foogallery-gallery-2277.fg-justified .fg-image {\r\n                    height: 200px;\r\n                }\r\n\t\t\t<\/style>\r\n\t\t\t<div class=\"foogallery foogallery-container foogallery-justified foogallery-lightbox-none fg-justified fg-light fg-shadow-outline fg-loading-default fg-loaded-fade-in fg-caption-always fg-hover-fade fg-hover-zoom2 fg-ready\" id=\"foogallery-gallery-2277\" data-foogallery=\"{&quot;item&quot;:{&quot;showCaptionTitle&quot;:true,&quot;showCaptionDescription&quot;:false},&quot;lazy&quot;:true,&quot;template&quot;:{&quot;rowHeight&quot;:200,&quot;maxRowHeight&quot;:300,&quot;margins&quot;:2,&quot;align&quot;:&quot;center&quot;,&quot;lastRow&quot;:&quot;smart&quot;}}\" >\r\n\t<div class=\"fg-item fg-type-image fg-idle\"><figure class=\"fg-item-inner\"><a href=\"https:\/\/old.mirus.at\/wp-content\/uploads\/2022\/07\/DSC02318-scaled.jpg\" data-attachment-id=\"2281\" class=\"fg-thumb\"><span class=\"fg-image-wrap\"><img height=\"300\" width=\"450\" class=\"skip-lazy fg-image\" data-src-fg=\"https:\/\/old.mirus.at\/wp-content\/uploads\/cache\/2022\/07\/DSC02318-scaled\/2607297286.jpg\" src=\"data:image\/svg+xml,%3Csvg%20xmlns%3D%22http%3A%2F%2Fwww.w3.org%2F2000%2Fsvg%22%20width%3D%22450%22%20height%3D%22300%22%20viewBox%3D%220%200%20450%20300%22%3E%3C%2Fsvg%3E\" \/><\/span><span class=\"fg-image-overlay\"><\/span><\/a><figcaption class=\"fg-caption\"><div class=\"fg-caption-inner\"><\/div><\/figcaption><\/figure><div class=\"fg-loader\"><\/div><\/div><div class=\"fg-item fg-type-image fg-idle\"><figure class=\"fg-item-inner\"><a href=\"https:\/\/old.mirus.at\/wp-content\/uploads\/2022\/07\/DSC02328-scaled.jpg\" data-attachment-id=\"2286\" class=\"fg-thumb\"><span class=\"fg-image-wrap\"><img height=\"300\" width=\"450\" class=\"skip-lazy fg-image\" data-src-fg=\"https:\/\/old.mirus.at\/wp-content\/uploads\/cache\/2022\/07\/DSC02328-scaled\/3324316522.jpg\" src=\"data:image\/svg+xml,%3Csvg%20xmlns%3D%22http%3A%2F%2Fwww.w3.org%2F2000%2Fsvg%22%20width%3D%22450%22%20height%3D%22300%22%20viewBox%3D%220%200%20450%20300%22%3E%3C%2Fsvg%3E\" \/><\/span><span class=\"fg-image-overlay\"><\/span><\/a><figcaption class=\"fg-caption\"><div class=\"fg-caption-inner\"><\/div><\/figcaption><\/figure><div class=\"fg-loader\"><\/div><\/div><div class=\"fg-item fg-type-image fg-idle\"><figure class=\"fg-item-inner\"><a href=\"https:\/\/old.mirus.at\/wp-content\/uploads\/2022\/07\/DSC4512-scaled.jpg\" data-attachment-id=\"2278\" class=\"fg-thumb\"><span class=\"fg-image-wrap\"><img height=\"300\" width=\"450\" class=\"skip-lazy fg-image\" data-src-fg=\"https:\/\/old.mirus.at\/wp-content\/uploads\/cache\/2022\/07\/DSC4512-scaled\/3298387254.jpg\" src=\"data:image\/svg+xml,%3Csvg%20xmlns%3D%22http%3A%2F%2Fwww.w3.org%2F2000%2Fsvg%22%20width%3D%22450%22%20height%3D%22300%22%20viewBox%3D%220%200%20450%20300%22%3E%3C%2Fsvg%3E\" \/><\/span><span class=\"fg-image-overlay\"><\/span><\/a><figcaption class=\"fg-caption\"><div class=\"fg-caption-inner\"><\/div><\/figcaption><\/figure><div class=\"fg-loader\"><\/div><\/div><div class=\"fg-item fg-type-image fg-idle\"><figure class=\"fg-item-inner\"><a href=\"https:\/\/old.mirus.at\/wp-content\/uploads\/2022\/07\/DSC4523-Bearbeitet-scaled.jpg\" data-attachment-id=\"2279\" class=\"fg-thumb\"><span class=\"fg-image-wrap\"><img height=\"300\" width=\"450\" class=\"skip-lazy fg-image\" data-src-fg=\"https:\/\/old.mirus.at\/wp-content\/uploads\/cache\/2022\/07\/DSC4523-Bearbeitet-scaled\/377021496.jpg\" src=\"data:image\/svg+xml,%3Csvg%20xmlns%3D%22http%3A%2F%2Fwww.w3.org%2F2000%2Fsvg%22%20width%3D%22450%22%20height%3D%22300%22%20viewBox%3D%220%200%20450%20300%22%3E%3C%2Fsvg%3E\" \/><\/span><span class=\"fg-image-overlay\"><\/span><\/a><figcaption class=\"fg-caption\"><div class=\"fg-caption-inner\"><\/div><\/figcaption><\/figure><div class=\"fg-loader\"><\/div><\/div><div class=\"fg-item fg-type-image fg-idle\"><figure class=\"fg-item-inner\"><a href=\"https:\/\/old.mirus.at\/wp-content\/uploads\/2022\/07\/DSC4563-Bearbeitet-scaled.jpg\" data-attachment-id=\"2280\" class=\"fg-thumb\"><span class=\"fg-image-wrap\"><img height=\"300\" width=\"450\" class=\"skip-lazy fg-image\" data-src-fg=\"https:\/\/old.mirus.at\/wp-content\/uploads\/cache\/2022\/07\/DSC4563-Bearbeitet-scaled\/2861144038.jpg\" src=\"data:image\/svg+xml,%3Csvg%20xmlns%3D%22http%3A%2F%2Fwww.w3.org%2F2000%2Fsvg%22%20width%3D%22450%22%20height%3D%22300%22%20viewBox%3D%220%200%20450%20300%22%3E%3C%2Fsvg%3E\" \/><\/span><span class=\"fg-image-overlay\"><\/span><\/a><figcaption class=\"fg-caption\"><div class=\"fg-caption-inner\"><\/div><\/figcaption><\/figure><div class=\"fg-loader\"><\/div><\/div><\/div>\r\n\n\n\n\n<p>Fotos von Thomas:<\/p>\n\n\n\t\t\t<style>\r\n                #foogallery-gallery-2498.fg-justified .fg-item {\r\n                    margin-right: 2px;\r\n                    margin-bottom: 2px;\r\n                }\r\n\r\n                #foogallery-gallery-2498.fg-justified .fg-image {\r\n                    height: 200px;\r\n                }\r\n\t\t\t<\/style>\r\n\t\t\t<div class=\"foogallery foogallery-container foogallery-justified foogallery-lightbox-none fg-justified fg-light fg-shadow-outline fg-loading-default fg-loaded-fade-in fg-caption-always fg-hover-fade fg-hover-zoom2 fg-ready\" id=\"foogallery-gallery-2498\" data-foogallery=\"{&quot;item&quot;:{&quot;showCaptionTitle&quot;:true,&quot;showCaptionDescription&quot;:false},&quot;lazy&quot;:true,&quot;template&quot;:{&quot;rowHeight&quot;:200,&quot;maxRowHeight&quot;:300,&quot;margins&quot;:2,&quot;align&quot;:&quot;center&quot;,&quot;lastRow&quot;:&quot;smart&quot;}}\" >\r\n\t<div class=\"fg-item fg-type-image fg-idle\"><figure class=\"fg-item-inner\"><a href=\"https:\/\/old.mirus.at\/wp-content\/uploads\/2022\/07\/DSC02297-scaled.jpg\" data-attachment-id=\"2499\" class=\"fg-thumb\"><span class=\"fg-image-wrap\"><img height=\"300\" width=\"450\" class=\"skip-lazy fg-image\" data-src-fg=\"https:\/\/old.mirus.at\/wp-content\/uploads\/cache\/2022\/07\/DSC02297-scaled\/1156785990.jpg\" src=\"data:image\/svg+xml,%3Csvg%20xmlns%3D%22http%3A%2F%2Fwww.w3.org%2F2000%2Fsvg%22%20width%3D%22450%22%20height%3D%22300%22%20viewBox%3D%220%200%20450%20300%22%3E%3C%2Fsvg%3E\" \/><\/span><span class=\"fg-image-overlay\"><\/span><\/a><figcaption class=\"fg-caption\"><div class=\"fg-caption-inner\"><\/div><\/figcaption><\/figure><div class=\"fg-loader\"><\/div><\/div><div class=\"fg-item fg-type-image fg-idle\"><figure class=\"fg-item-inner\"><a href=\"https:\/\/old.mirus.at\/wp-content\/uploads\/2022\/07\/DSC02298-scaled.jpg\" data-attachment-id=\"2500\" class=\"fg-thumb\"><span class=\"fg-image-wrap\"><img height=\"300\" width=\"450\" class=\"skip-lazy fg-image\" data-src-fg=\"https:\/\/old.mirus.at\/wp-content\/uploads\/cache\/2022\/07\/DSC02298-scaled\/4082390509.jpg\" src=\"data:image\/svg+xml,%3Csvg%20xmlns%3D%22http%3A%2F%2Fwww.w3.org%2F2000%2Fsvg%22%20width%3D%22450%22%20height%3D%22300%22%20viewBox%3D%220%200%20450%20300%22%3E%3C%2Fsvg%3E\" \/><\/span><span class=\"fg-image-overlay\"><\/span><\/a><figcaption class=\"fg-caption\"><div class=\"fg-caption-inner\"><\/div><\/figcaption><\/figure><div class=\"fg-loader\"><\/div><\/div><div class=\"fg-item fg-type-image fg-idle\"><figure class=\"fg-item-inner\"><a href=\"https:\/\/old.mirus.at\/wp-content\/uploads\/2022\/07\/DSC02299-scaled.jpg\" data-attachment-id=\"2501\" class=\"fg-thumb\"><span class=\"fg-image-wrap\"><img height=\"300\" width=\"450\" class=\"skip-lazy fg-image\" data-src-fg=\"https:\/\/old.mirus.at\/wp-content\/uploads\/cache\/2022\/07\/DSC02299-scaled\/2485048346.jpg\" src=\"data:image\/svg+xml,%3Csvg%20xmlns%3D%22http%3A%2F%2Fwww.w3.org%2F2000%2Fsvg%22%20width%3D%22450%22%20height%3D%22300%22%20viewBox%3D%220%200%20450%20300%22%3E%3C%2Fsvg%3E\" \/><\/span><span class=\"fg-image-overlay\"><\/span><\/a><figcaption class=\"fg-caption\"><div class=\"fg-caption-inner\"><\/div><\/figcaption><\/figure><div class=\"fg-loader\"><\/div><\/div><div class=\"fg-item fg-type-image fg-idle\"><figure class=\"fg-item-inner\"><a href=\"https:\/\/old.mirus.at\/wp-content\/uploads\/2022\/07\/DSC02306-scaled.jpg\" data-attachment-id=\"2502\" class=\"fg-thumb\"><span class=\"fg-image-wrap\"><img height=\"300\" width=\"450\" class=\"skip-lazy fg-image\" data-src-fg=\"https:\/\/old.mirus.at\/wp-content\/uploads\/cache\/2022\/07\/DSC02306-scaled\/585710202.jpg\" src=\"data:image\/svg+xml,%3Csvg%20xmlns%3D%22http%3A%2F%2Fwww.w3.org%2F2000%2Fsvg%22%20width%3D%22450%22%20height%3D%22300%22%20viewBox%3D%220%200%20450%20300%22%3E%3C%2Fsvg%3E\" \/><\/span><span class=\"fg-image-overlay\"><\/span><\/a><figcaption class=\"fg-caption\"><div class=\"fg-caption-inner\"><\/div><\/figcaption><\/figure><div class=\"fg-loader\"><\/div><\/div><div class=\"fg-item fg-type-image fg-idle\"><figure class=\"fg-item-inner\"><a href=\"https:\/\/old.mirus.at\/wp-content\/uploads\/2022\/07\/DSC02307-scaled.jpg\" data-attachment-id=\"2503\" class=\"fg-thumb\"><span class=\"fg-image-wrap\"><img height=\"300\" width=\"450\" class=\"skip-lazy fg-image\" data-src-fg=\"https:\/\/old.mirus.at\/wp-content\/uploads\/cache\/2022\/07\/DSC02307-scaled\/1168358285.jpg\" src=\"data:image\/svg+xml,%3Csvg%20xmlns%3D%22http%3A%2F%2Fwww.w3.org%2F2000%2Fsvg%22%20width%3D%22450%22%20height%3D%22300%22%20viewBox%3D%220%200%20450%20300%22%3E%3C%2Fsvg%3E\" \/><\/span><span class=\"fg-image-overlay\"><\/span><\/a><figcaption class=\"fg-caption\"><div class=\"fg-caption-inner\"><\/div><\/figcaption><\/figure><div class=\"fg-loader\"><\/div><\/div><div class=\"fg-item fg-type-image fg-idle\"><figure class=\"fg-item-inner\"><a href=\"https:\/\/old.mirus.at\/wp-content\/uploads\/2022\/07\/DSC02312-scaled.jpg\" data-attachment-id=\"2504\" class=\"fg-thumb\"><span class=\"fg-image-wrap\"><img height=\"300\" width=\"450\" class=\"skip-lazy fg-image\" data-src-fg=\"https:\/\/old.mirus.at\/wp-content\/uploads\/cache\/2022\/07\/DSC02312-scaled\/2898860041.jpg\" src=\"data:image\/svg+xml,%3Csvg%20xmlns%3D%22http%3A%2F%2Fwww.w3.org%2F2000%2Fsvg%22%20width%3D%22450%22%20height%3D%22300%22%20viewBox%3D%220%200%20450%20300%22%3E%3C%2Fsvg%3E\" \/><\/span><span class=\"fg-image-overlay\"><\/span><\/a><figcaption class=\"fg-caption\"><div class=\"fg-caption-inner\"><\/div><\/figcaption><\/figure><div class=\"fg-loader\"><\/div><\/div><div class=\"fg-item fg-type-image fg-idle\"><figure class=\"fg-item-inner\"><a href=\"https:\/\/old.mirus.at\/wp-content\/uploads\/2022\/07\/DSC02314-scaled.jpg\" data-attachment-id=\"2505\" class=\"fg-thumb\"><span class=\"fg-image-wrap\"><img height=\"300\" width=\"450\" class=\"skip-lazy fg-image\" data-src-fg=\"https:\/\/old.mirus.at\/wp-content\/uploads\/cache\/2022\/07\/DSC02314-scaled\/1350735588.jpg\" src=\"data:image\/svg+xml,%3Csvg%20xmlns%3D%22http%3A%2F%2Fwww.w3.org%2F2000%2Fsvg%22%20width%3D%22450%22%20height%3D%22300%22%20viewBox%3D%220%200%20450%20300%22%3E%3C%2Fsvg%3E\" \/><\/span><span class=\"fg-image-overlay\"><\/span><\/a><figcaption class=\"fg-caption\"><div class=\"fg-caption-inner\"><\/div><\/figcaption><\/figure><div class=\"fg-loader\"><\/div><\/div><div class=\"fg-item fg-type-image fg-idle\"><figure class=\"fg-item-inner\"><a href=\"https:\/\/old.mirus.at\/wp-content\/uploads\/2022\/07\/DSC02335-scaled.jpg\" data-attachment-id=\"2506\" class=\"fg-thumb\"><span class=\"fg-image-wrap\"><img height=\"300\" width=\"450\" class=\"skip-lazy fg-image\" data-src-fg=\"https:\/\/old.mirus.at\/wp-content\/uploads\/cache\/2022\/07\/DSC02335-scaled\/3598417935.jpg\" src=\"data:image\/svg+xml,%3Csvg%20xmlns%3D%22http%3A%2F%2Fwww.w3.org%2F2000%2Fsvg%22%20width%3D%22450%22%20height%3D%22300%22%20viewBox%3D%220%200%20450%20300%22%3E%3C%2Fsvg%3E\" \/><\/span><span class=\"fg-image-overlay\"><\/span><\/a><figcaption class=\"fg-caption\"><div class=\"fg-caption-inner\"><\/div><\/figcaption><\/figure><div class=\"fg-loader\"><\/div><\/div><div class=\"fg-item fg-type-image fg-idle\"><figure class=\"fg-item-inner\"><a href=\"https:\/\/old.mirus.at\/wp-content\/uploads\/2022\/07\/DSC02337-scaled.jpg\" data-attachment-id=\"2507\" class=\"fg-thumb\"><span class=\"fg-image-wrap\"><img height=\"300\" width=\"450\" class=\"skip-lazy fg-image\" data-src-fg=\"https:\/\/old.mirus.at\/wp-content\/uploads\/cache\/2022\/07\/DSC02337-scaled\/2689362817.jpg\" src=\"data:image\/svg+xml,%3Csvg%20xmlns%3D%22http%3A%2F%2Fwww.w3.org%2F2000%2Fsvg%22%20width%3D%22450%22%20height%3D%22300%22%20viewBox%3D%220%200%20450%20300%22%3E%3C%2Fsvg%3E\" \/><\/span><span class=\"fg-image-overlay\"><\/span><\/a><figcaption class=\"fg-caption\"><div class=\"fg-caption-inner\"><\/div><\/figcaption><\/figure><div class=\"fg-loader\"><\/div><\/div><div class=\"fg-item fg-type-image fg-idle\"><figure class=\"fg-item-inner\"><a href=\"https:\/\/old.mirus.at\/wp-content\/uploads\/2022\/07\/DSC02338-scaled.jpg\" data-attachment-id=\"2508\" class=\"fg-thumb\"><span class=\"fg-image-wrap\"><img height=\"300\" width=\"450\" class=\"skip-lazy fg-image\" data-src-fg=\"https:\/\/old.mirus.at\/wp-content\/uploads\/cache\/2022\/07\/DSC02338-scaled\/3279874879.jpg\" src=\"data:image\/svg+xml,%3Csvg%20xmlns%3D%22http%3A%2F%2Fwww.w3.org%2F2000%2Fsvg%22%20width%3D%22450%22%20height%3D%22300%22%20viewBox%3D%220%200%20450%20300%22%3E%3C%2Fsvg%3E\" \/><\/span><span class=\"fg-image-overlay\"><\/span><\/a><figcaption class=\"fg-caption\"><div class=\"fg-caption-inner\"><\/div><\/figcaption><\/figure><div class=\"fg-loader\"><\/div><\/div><div class=\"fg-item fg-type-image fg-idle\"><figure class=\"fg-item-inner\"><a href=\"https:\/\/old.mirus.at\/wp-content\/uploads\/2022\/07\/DSC02341-scaled.jpg\" data-attachment-id=\"2509\" class=\"fg-thumb\"><span class=\"fg-image-wrap\"><img height=\"300\" width=\"450\" class=\"skip-lazy fg-image\" data-src-fg=\"https:\/\/old.mirus.at\/wp-content\/uploads\/cache\/2022\/07\/DSC02341-scaled\/2521062970.jpg\" src=\"data:image\/svg+xml,%3Csvg%20xmlns%3D%22http%3A%2F%2Fwww.w3.org%2F2000%2Fsvg%22%20width%3D%22450%22%20height%3D%22300%22%20viewBox%3D%220%200%20450%20300%22%3E%3C%2Fsvg%3E\" \/><\/span><span class=\"fg-image-overlay\"><\/span><\/a><figcaption class=\"fg-caption\"><div class=\"fg-caption-inner\"><\/div><\/figcaption><\/figure><div class=\"fg-loader\"><\/div><\/div><div class=\"fg-item fg-type-image fg-idle\"><figure class=\"fg-item-inner\"><a href=\"https:\/\/old.mirus.at\/wp-content\/uploads\/2022\/07\/DSC02344-scaled.jpg\" data-attachment-id=\"2510\" class=\"fg-thumb\"><span class=\"fg-image-wrap\"><img height=\"300\" width=\"450\" class=\"skip-lazy fg-image\" data-src-fg=\"https:\/\/old.mirus.at\/wp-content\/uploads\/cache\/2022\/07\/DSC02344-scaled\/3046885820.jpg\" src=\"data:image\/svg+xml,%3Csvg%20xmlns%3D%22http%3A%2F%2Fwww.w3.org%2F2000%2Fsvg%22%20width%3D%22450%22%20height%3D%22300%22%20viewBox%3D%220%200%20450%20300%22%3E%3C%2Fsvg%3E\" \/><\/span><span class=\"fg-image-overlay\"><\/span><\/a><figcaption class=\"fg-caption\"><div class=\"fg-caption-inner\"><\/div><\/figcaption><\/figure><div class=\"fg-loader\"><\/div><\/div><\/div>\r\n\n\n\n\n<p>Fotos von Ines:<\/p>\n\n\n\t\t\t<style>\r\n                #foogallery-gallery-2512.fg-justified .fg-item {\r\n                    margin-right: 2px;\r\n                    margin-bottom: 2px;\r\n                }\r\n\r\n                #foogallery-gallery-2512.fg-justified .fg-image {\r\n                    height: 200px;\r\n                }\r\n\t\t\t<\/style>\r\n\t\t\t<div class=\"foogallery foogallery-container foogallery-justified foogallery-lightbox-none fg-justified fg-light fg-shadow-outline fg-loading-default fg-loaded-fade-in fg-caption-always fg-hover-fade fg-hover-zoom2 fg-ready\" id=\"foogallery-gallery-2512\" data-foogallery=\"{&quot;item&quot;:{&quot;showCaptionTitle&quot;:true,&quot;showCaptionDescription&quot;:false},&quot;lazy&quot;:true,&quot;template&quot;:{&quot;rowHeight&quot;:200,&quot;maxRowHeight&quot;:300,&quot;margins&quot;:2,&quot;align&quot;:&quot;center&quot;,&quot;lastRow&quot;:&quot;smart&quot;}}\" >\r\n\t<div class=\"fg-item fg-type-image fg-idle\"><figure class=\"fg-item-inner\"><a href=\"https:\/\/old.mirus.at\/wp-content\/uploads\/2022\/07\/DSC02352-scaled.jpg\" data-attachment-id=\"2513\" class=\"fg-thumb\"><span class=\"fg-image-wrap\"><img height=\"300\" width=\"450\" class=\"skip-lazy fg-image\" data-src-fg=\"https:\/\/old.mirus.at\/wp-content\/uploads\/cache\/2022\/07\/DSC02352-scaled\/3422709161.jpg\" src=\"data:image\/svg+xml,%3Csvg%20xmlns%3D%22http%3A%2F%2Fwww.w3.org%2F2000%2Fsvg%22%20width%3D%22450%22%20height%3D%22300%22%20viewBox%3D%220%200%20450%20300%22%3E%3C%2Fsvg%3E\" \/><\/span><span class=\"fg-image-overlay\"><\/span><\/a><figcaption class=\"fg-caption\"><div class=\"fg-caption-inner\"><\/div><\/figcaption><\/figure><div class=\"fg-loader\"><\/div><\/div><div class=\"fg-item fg-type-image fg-idle\"><figure class=\"fg-item-inner\"><a href=\"https:\/\/old.mirus.at\/wp-content\/uploads\/2022\/07\/DSC02357-scaled.jpg\" data-attachment-id=\"2514\" class=\"fg-thumb\"><span class=\"fg-image-wrap\"><img height=\"300\" width=\"450\" class=\"skip-lazy fg-image\" data-src-fg=\"https:\/\/old.mirus.at\/wp-content\/uploads\/cache\/2022\/07\/DSC02357-scaled\/2332055484.jpg\" src=\"data:image\/svg+xml,%3Csvg%20xmlns%3D%22http%3A%2F%2Fwww.w3.org%2F2000%2Fsvg%22%20width%3D%22450%22%20height%3D%22300%22%20viewBox%3D%220%200%20450%20300%22%3E%3C%2Fsvg%3E\" \/><\/span><span class=\"fg-image-overlay\"><\/span><\/a><figcaption class=\"fg-caption\"><div class=\"fg-caption-inner\"><\/div><\/figcaption><\/figure><div class=\"fg-loader\"><\/div><\/div><div class=\"fg-item fg-type-image fg-idle\"><figure class=\"fg-item-inner\"><a href=\"https:\/\/old.mirus.at\/wp-content\/uploads\/2022\/07\/DSC02360-scaled.jpg\" data-attachment-id=\"2515\" class=\"fg-thumb\"><span class=\"fg-image-wrap\"><img height=\"300\" width=\"450\" class=\"skip-lazy fg-image\" data-src-fg=\"https:\/\/old.mirus.at\/wp-content\/uploads\/cache\/2022\/07\/DSC02360-scaled\/3883447883.jpg\" src=\"data:image\/svg+xml,%3Csvg%20xmlns%3D%22http%3A%2F%2Fwww.w3.org%2F2000%2Fsvg%22%20width%3D%22450%22%20height%3D%22300%22%20viewBox%3D%220%200%20450%20300%22%3E%3C%2Fsvg%3E\" \/><\/span><span class=\"fg-image-overlay\"><\/span><\/a><figcaption class=\"fg-caption\"><div class=\"fg-caption-inner\"><\/div><\/figcaption><\/figure><div class=\"fg-loader\"><\/div><\/div><div class=\"fg-item fg-type-image fg-idle\"><figure class=\"fg-item-inner\"><a href=\"https:\/\/old.mirus.at\/wp-content\/uploads\/2022\/07\/DSC02364-scaled.jpg\" data-attachment-id=\"2516\" class=\"fg-thumb\"><span class=\"fg-image-wrap\"><img height=\"300\" width=\"450\" class=\"skip-lazy fg-image\" data-src-fg=\"https:\/\/old.mirus.at\/wp-content\/uploads\/cache\/2022\/07\/DSC02364-scaled\/3584441160.jpg\" src=\"data:image\/svg+xml,%3Csvg%20xmlns%3D%22http%3A%2F%2Fwww.w3.org%2F2000%2Fsvg%22%20width%3D%22450%22%20height%3D%22300%22%20viewBox%3D%220%200%20450%20300%22%3E%3C%2Fsvg%3E\" \/><\/span><span class=\"fg-image-overlay\"><\/span><\/a><figcaption class=\"fg-caption\"><div class=\"fg-caption-inner\"><\/div><\/figcaption><\/figure><div class=\"fg-loader\"><\/div><\/div><div class=\"fg-item fg-type-image fg-idle\"><figure class=\"fg-item-inner\"><a href=\"https:\/\/old.mirus.at\/wp-content\/uploads\/2022\/07\/DSC02371-scaled.jpg\" data-attachment-id=\"2517\" class=\"fg-thumb\"><span class=\"fg-image-wrap\"><img height=\"300\" width=\"450\" class=\"skip-lazy fg-image\" data-src-fg=\"https:\/\/old.mirus.at\/wp-content\/uploads\/cache\/2022\/07\/DSC02371-scaled\/2532855373.jpg\" src=\"data:image\/svg+xml,%3Csvg%20xmlns%3D%22http%3A%2F%2Fwww.w3.org%2F2000%2Fsvg%22%20width%3D%22450%22%20height%3D%22300%22%20viewBox%3D%220%200%20450%20300%22%3E%3C%2Fsvg%3E\" \/><\/span><span class=\"fg-image-overlay\"><\/span><\/a><figcaption class=\"fg-caption\"><div class=\"fg-caption-inner\"><\/div><\/figcaption><\/figure><div class=\"fg-loader\"><\/div><\/div><\/div>\r\n\n","protected":false},"excerpt":{"rendered":"<p>Wir tauchen an den Kanal zur Lagune, den die Delphine passieren wenn sie schlafen gehen bzw wieder aus der Lagune&hellip; <\/p>\n","protected":false},"author":1,"featured_media":0,"parent":0,"menu_order":0,"comment_status":"closed","ping_status":"closed","template":"","meta":{"spay_email":""},"_links":{"self":[{"href":"https:\/\/old.mirus.at\/index.php\/wp-json\/wp\/v2\/pages\/2163"}],"collection":[{"href":"https:\/\/old.mirus.at\/index.php\/wp-json\/wp\/v2\/pages"}],"about":[{"href":"https:\/\/old.mirus.at\/index.php\/wp-json\/wp\/v2\/types\/page"}],"author":[{"embeddable":true,"href":"https:\/\/old.mirus.at\/index.php\/wp-json\/wp\/v2\/users\/1"}],"replies":[{"embeddable":true,"href":"https:\/\/old.mirus.at\/index.php\/wp-json\/wp\/v2\/comments?post=2163"}],"version-history":[{"count":12,"href":"https:\/\/old.mirus.at\/index.php\/wp-json\/wp\/v2\/pages\/2163\/revisions"}],"predecessor-version":[{"id":2518,"href":"https:\/\/old.mirus.at\/index.php\/wp-json\/wp\/v2\/pages\/2163\/revisions\/2518"}],"wp:attachment":[{"href":"https:\/\/old.mirus.at\/index.php\/wp-json\/wp\/v2\/media?parent=2163"}],"curies":[{"name":"wp","href":"https:\/\/api.w.org\/{rel}","templated":true}]}}