{"id":2143,"date":"2022-07-30T16:37:44","date_gmt":"2022-07-30T14:37:44","guid":{"rendered":"https:\/\/www.mirus.at\/?page_id=2143"},"modified":"2022-07-31T13:32:24","modified_gmt":"2022-07-31T11:32:24","slug":"nwt-2022-tag-1","status":"publish","type":"page","link":"https:\/\/old.mirus.at\/index.php\/nwt-2022-tag-1\/","title":{"rendered":"NWT 2022 &#8211; Tag 1 &#8211; Poseidons Garden und Gobai Soraya"},"content":{"rendered":"\n<p>Nach dem Fr\u00fchst\u00fcck geht es zu Poseidons Garden, einem f\u00fcr einen Check-Tauchgang typisch flachen Riff. Ich habe viel Zeit mich wieder an die Kamera unter Wasser zu gew\u00f6hnen, das Schie\u00dfen der DSMB funktioniert auch problemlos.<\/p>\n\n\n\n<p>Nach dem Mittagessen fahren wir nach Gobai Soraya. Dort liegt ein altes, unbekanntes Wrack, von dem nur noch der Rumpf \u00fcbrig ist, doch es hat sich ein sehr sch\u00f6nes Riff darin gebildet. Wir sehen extrem viele Steinfische und Mur\u00e4nen. Es ist ein bisschen Str\u00f6mung und vor allem als wir uns dann vom Wrack entfernen wird es ein bisschen anstrengend, meine Kamera f\u00fchlt sich an wie ein Segel. Doch wir sehen noch eine wei\u00dfe Mur\u00e4ne und Krokodilfische.<\/p>\n\n\n\n<p>Der Nachttauchgang ist auch nochmal am vorigen Tauchplatz, da das Wrack nicht tief liegt und sehr einfach zu navigieren ist, au\u00dferdem hat die Str\u00f6mung stark nachgelassen. Wir gehen also unguided, ich lasse allerdings meine Kamera am Schiff, da dies der erste Nachttauchgang seit Jahren ist. (Mein letzter war Tauchgang 18 auf Cres\/Kroatien am 15. August 2017, also auch vor fast 100 Tauchg\u00e4ngen, das war Tauchgang 117.) Es ist ein bisschen komisch f\u00fcr mich bei Nacht, vor allem da ich am Anfang ein leichte Schwierigkeiten mit Druckausgleich hatte, doch wir sehen viel, unter anderem einen jagenden Thunfisch, Mur\u00e4nen, Feuerfische, Steinfische und eine Nudi. Au\u00dferdem sind mir zum ersten Mal kleine Krebschen in Korallen aufgefallen, die man angeblich auch bei Tag oft sieht.<\/p>\n\n\n\n<p>Nachher bin ich zu m\u00fcde um noch die Kamera f\u00fcr den n\u00e4chsten Tag vorzubereiten und gehe bald ins Bett.<\/p>\n\n\n\n<figure class=\"wp-container-2 wp-block-gallery-1 wp-block-gallery has-nested-images columns-default is-cropped\">\n<figure class=\"wp-block-image size-large\"><img loading=\"lazy\" width=\"1024\" height=\"769\" data-id=\"2369\"  src=\"https:\/\/old.mirus.at\/wp-content\/uploads\/2022\/07\/20220722_094719-1024x769.jpg\" alt=\"\" class=\"wp-image-2369\" srcset=\"https:\/\/old.mirus.at\/wp-content\/uploads\/2022\/07\/20220722_094719-1024x769.jpg 1024w, https:\/\/old.mirus.at\/wp-content\/uploads\/2022\/07\/20220722_094719-300x225.jpg 300w, https:\/\/old.mirus.at\/wp-content\/uploads\/2022\/07\/20220722_094719-768x577.jpg 768w, https:\/\/old.mirus.at\/wp-content\/uploads\/2022\/07\/20220722_094719-1536x1153.jpg 1536w, https:\/\/old.mirus.at\/wp-content\/uploads\/2022\/07\/20220722_094719-2048x1537.jpg 2048w\" sizes=\"(max-width: 1024px) 100vw, 1024px\" \/><\/figure>\n\n\n\n<figure class=\"wp-block-image size-large\"><img loading=\"lazy\" width=\"1024\" height=\"764\" data-id=\"2370\"  src=\"https:\/\/old.mirus.at\/wp-content\/uploads\/2022\/07\/20220722_150244-1024x764.jpg\" alt=\"\" class=\"wp-image-2370\" srcset=\"https:\/\/old.mirus.at\/wp-content\/uploads\/2022\/07\/20220722_150244-1024x764.jpg 1024w, https:\/\/old.mirus.at\/wp-content\/uploads\/2022\/07\/20220722_150244-300x224.jpg 300w, https:\/\/old.mirus.at\/wp-content\/uploads\/2022\/07\/20220722_150244-768x573.jpg 768w, https:\/\/old.mirus.at\/wp-content\/uploads\/2022\/07\/20220722_150244-1536x1145.jpg 1536w, https:\/\/old.mirus.at\/wp-content\/uploads\/2022\/07\/20220722_150244-2048x1527.jpg 2048w\" sizes=\"(max-width: 1024px) 100vw, 1024px\" \/><\/figure>\n<\/figure>\n\n\n\n<p>Fotos von Tobias:<\/p>\n\n\n\t\t\t<style>\r\n                #foogallery-gallery-2179.fg-justified .fg-item {\r\n                    margin-right: 2px;\r\n                    margin-bottom: 2px;\r\n                }\r\n\r\n                #foogallery-gallery-2179.fg-justified .fg-image {\r\n                    height: 200px;\r\n                }\r\n\t\t\t<\/style>\r\n\t\t\t<div class=\"foogallery foogallery-container foogallery-justified foogallery-lightbox-none fg-justified fg-light fg-shadow-outline fg-loading-default fg-loaded-fade-in fg-caption-always fg-hover-fade fg-hover-zoom2 fg-ready\" id=\"foogallery-gallery-2179\" data-foogallery=\"{&quot;item&quot;:{&quot;showCaptionTitle&quot;:true,&quot;showCaptionDescription&quot;:false},&quot;lazy&quot;:true,&quot;template&quot;:{&quot;rowHeight&quot;:200,&quot;maxRowHeight&quot;:300,&quot;margins&quot;:2,&quot;align&quot;:&quot;center&quot;,&quot;lastRow&quot;:&quot;smart&quot;}}\" >\r\n\t<div class=\"fg-item fg-type-image fg-idle\"><figure class=\"fg-item-inner\"><a href=\"https:\/\/old.mirus.at\/wp-content\/uploads\/2022\/07\/DSC3670-scaled.jpg\" data-attachment-id=\"2180\" class=\"fg-thumb\"><span class=\"fg-image-wrap\"><img height=\"300\" width=\"200\" class=\"skip-lazy fg-image\" data-src-fg=\"https:\/\/old.mirus.at\/wp-content\/uploads\/cache\/2022\/07\/DSC3670-scaled\/1223920150.jpg\" src=\"data:image\/svg+xml,%3Csvg%20xmlns%3D%22http%3A%2F%2Fwww.w3.org%2F2000%2Fsvg%22%20width%3D%22200%22%20height%3D%22300%22%20viewBox%3D%220%200%20200%20300%22%3E%3C%2Fsvg%3E\" \/><\/span><span class=\"fg-image-overlay\"><\/span><\/a><figcaption class=\"fg-caption\"><div class=\"fg-caption-inner\"><\/div><\/figcaption><\/figure><div class=\"fg-loader\"><\/div><\/div><div class=\"fg-item fg-type-image fg-idle\"><figure class=\"fg-item-inner\"><a href=\"https:\/\/old.mirus.at\/wp-content\/uploads\/2022\/07\/DSC3666-scaled.jpg\" data-attachment-id=\"2187\" class=\"fg-thumb\"><span class=\"fg-image-wrap\"><img height=\"300\" width=\"450\" class=\"skip-lazy fg-image\" data-src-fg=\"https:\/\/old.mirus.at\/wp-content\/uploads\/cache\/2022\/07\/DSC3666-scaled\/4030712822.jpg\" src=\"data:image\/svg+xml,%3Csvg%20xmlns%3D%22http%3A%2F%2Fwww.w3.org%2F2000%2Fsvg%22%20width%3D%22450%22%20height%3D%22300%22%20viewBox%3D%220%200%20450%20300%22%3E%3C%2Fsvg%3E\" \/><\/span><span class=\"fg-image-overlay\"><\/span><\/a><figcaption class=\"fg-caption\"><div class=\"fg-caption-inner\"><\/div><\/figcaption><\/figure><div class=\"fg-loader\"><\/div><\/div><div class=\"fg-item fg-type-image fg-idle\"><figure class=\"fg-item-inner\"><a href=\"https:\/\/old.mirus.at\/wp-content\/uploads\/2022\/07\/DSC3652-scaled.jpg\" data-attachment-id=\"2186\" class=\"fg-thumb\"><span class=\"fg-image-wrap\"><img height=\"300\" width=\"200\" class=\"skip-lazy fg-image\" data-src-fg=\"https:\/\/old.mirus.at\/wp-content\/uploads\/cache\/2022\/07\/DSC3652-scaled\/1498398858.jpg\" src=\"data:image\/svg+xml,%3Csvg%20xmlns%3D%22http%3A%2F%2Fwww.w3.org%2F2000%2Fsvg%22%20width%3D%22200%22%20height%3D%22300%22%20viewBox%3D%220%200%20200%20300%22%3E%3C%2Fsvg%3E\" \/><\/span><span class=\"fg-image-overlay\"><\/span><\/a><figcaption class=\"fg-caption\"><div class=\"fg-caption-inner\"><\/div><\/figcaption><\/figure><div class=\"fg-loader\"><\/div><\/div><div class=\"fg-item fg-type-image fg-idle\"><figure class=\"fg-item-inner\"><a href=\"https:\/\/old.mirus.at\/wp-content\/uploads\/2022\/07\/DSC3648-scaled.jpg\" data-attachment-id=\"2185\" class=\"fg-thumb\"><span class=\"fg-image-wrap\"><img height=\"300\" width=\"450\" class=\"skip-lazy fg-image\" data-src-fg=\"https:\/\/old.mirus.at\/wp-content\/uploads\/cache\/2022\/07\/DSC3648-scaled\/2405778234.jpg\" src=\"data:image\/svg+xml,%3Csvg%20xmlns%3D%22http%3A%2F%2Fwww.w3.org%2F2000%2Fsvg%22%20width%3D%22450%22%20height%3D%22300%22%20viewBox%3D%220%200%20450%20300%22%3E%3C%2Fsvg%3E\" \/><\/span><span class=\"fg-image-overlay\"><\/span><\/a><figcaption class=\"fg-caption\"><div class=\"fg-caption-inner\"><\/div><\/figcaption><\/figure><div class=\"fg-loader\"><\/div><\/div><div class=\"fg-item fg-type-image fg-idle\"><figure class=\"fg-item-inner\"><a href=\"https:\/\/old.mirus.at\/wp-content\/uploads\/2022\/07\/DSC3638-scaled.jpg\" data-attachment-id=\"2184\" class=\"fg-thumb\"><span class=\"fg-image-wrap\"><img height=\"300\" width=\"450\" class=\"skip-lazy fg-image\" data-src-fg=\"https:\/\/old.mirus.at\/wp-content\/uploads\/cache\/2022\/07\/DSC3638-scaled\/2019058082.jpg\" src=\"data:image\/svg+xml,%3Csvg%20xmlns%3D%22http%3A%2F%2Fwww.w3.org%2F2000%2Fsvg%22%20width%3D%22450%22%20height%3D%22300%22%20viewBox%3D%220%200%20450%20300%22%3E%3C%2Fsvg%3E\" \/><\/span><span class=\"fg-image-overlay\"><\/span><\/a><figcaption class=\"fg-caption\"><div class=\"fg-caption-inner\"><\/div><\/figcaption><\/figure><div class=\"fg-loader\"><\/div><\/div><div class=\"fg-item fg-type-image fg-idle\"><figure class=\"fg-item-inner\"><a href=\"https:\/\/old.mirus.at\/wp-content\/uploads\/2022\/07\/DSC3633-scaled.jpg\" data-attachment-id=\"2183\" class=\"fg-thumb\"><span class=\"fg-image-wrap\"><img height=\"300\" width=\"450\" class=\"skip-lazy fg-image\" data-src-fg=\"https:\/\/old.mirus.at\/wp-content\/uploads\/cache\/2022\/07\/DSC3633-scaled\/2465383391.jpg\" src=\"data:image\/svg+xml,%3Csvg%20xmlns%3D%22http%3A%2F%2Fwww.w3.org%2F2000%2Fsvg%22%20width%3D%22450%22%20height%3D%22300%22%20viewBox%3D%220%200%20450%20300%22%3E%3C%2Fsvg%3E\" \/><\/span><span class=\"fg-image-overlay\"><\/span><\/a><figcaption class=\"fg-caption\"><div class=\"fg-caption-inner\"><\/div><\/figcaption><\/figure><div class=\"fg-loader\"><\/div><\/div><div class=\"fg-item fg-type-image fg-idle\"><figure class=\"fg-item-inner\"><a href=\"https:\/\/old.mirus.at\/wp-content\/uploads\/2022\/07\/DSC3621-scaled.jpg\" data-attachment-id=\"2182\" class=\"fg-thumb\"><span class=\"fg-image-wrap\"><img height=\"300\" width=\"200\" class=\"skip-lazy fg-image\" data-src-fg=\"https:\/\/old.mirus.at\/wp-content\/uploads\/cache\/2022\/07\/DSC3621-scaled\/2664970546.jpg\" src=\"data:image\/svg+xml,%3Csvg%20xmlns%3D%22http%3A%2F%2Fwww.w3.org%2F2000%2Fsvg%22%20width%3D%22200%22%20height%3D%22300%22%20viewBox%3D%220%200%20200%20300%22%3E%3C%2Fsvg%3E\" \/><\/span><span class=\"fg-image-overlay\"><\/span><\/a><figcaption class=\"fg-caption\"><div class=\"fg-caption-inner\"><\/div><\/figcaption><\/figure><div class=\"fg-loader\"><\/div><\/div><div class=\"fg-item fg-type-image fg-idle\"><figure class=\"fg-item-inner\"><a href=\"https:\/\/old.mirus.at\/wp-content\/uploads\/2022\/07\/DSC3581.jpg\" data-attachment-id=\"2181\" class=\"fg-thumb\"><span class=\"fg-image-wrap\"><img height=\"300\" width=\"450\" class=\"skip-lazy fg-image\" data-src-fg=\"https:\/\/old.mirus.at\/wp-content\/uploads\/cache\/2022\/07\/DSC3581\/4256824178.jpg\" src=\"data:image\/svg+xml,%3Csvg%20xmlns%3D%22http%3A%2F%2Fwww.w3.org%2F2000%2Fsvg%22%20width%3D%22450%22%20height%3D%22300%22%20viewBox%3D%220%200%20450%20300%22%3E%3C%2Fsvg%3E\" \/><\/span><span class=\"fg-image-overlay\"><\/span><\/a><figcaption class=\"fg-caption\"><div class=\"fg-caption-inner\"><\/div><\/figcaption><\/figure><div class=\"fg-loader\"><\/div><\/div><\/div>\r\n\n\n\n\n<p>Fotos von Thomas:<\/p>\n\n\n\t\t\t<style>\r\n                #foogallery-gallery-2379.fg-justified .fg-item {\r\n                    margin-right: 2px;\r\n                    margin-bottom: 2px;\r\n                }\r\n\r\n                #foogallery-gallery-2379.fg-justified .fg-image {\r\n                    height: 200px;\r\n                }\r\n\t\t\t<\/style>\r\n\t\t\t<div class=\"foogallery foogallery-container foogallery-justified foogallery-lightbox-none fg-justified fg-light fg-shadow-outline fg-loading-default fg-loaded-fade-in fg-caption-always fg-hover-fade fg-hover-zoom2 fg-ready\" id=\"foogallery-gallery-2379\" data-foogallery=\"{&quot;item&quot;:{&quot;showCaptionTitle&quot;:true,&quot;showCaptionDescription&quot;:false},&quot;lazy&quot;:true,&quot;template&quot;:{&quot;rowHeight&quot;:200,&quot;maxRowHeight&quot;:300,&quot;margins&quot;:2,&quot;align&quot;:&quot;center&quot;,&quot;lastRow&quot;:&quot;smart&quot;}}\" >\r\n\t<div class=\"fg-item fg-type-image fg-idle\"><figure class=\"fg-item-inner\"><a href=\"https:\/\/old.mirus.at\/wp-content\/uploads\/2022\/07\/DSC01494-scaled.jpg\" data-attachment-id=\"2380\" class=\"fg-thumb\"><span class=\"fg-image-wrap\"><img height=\"300\" width=\"450\" class=\"skip-lazy fg-image\" data-src-fg=\"https:\/\/old.mirus.at\/wp-content\/uploads\/cache\/2022\/07\/DSC01494-scaled\/2022504176.jpg\" src=\"data:image\/svg+xml,%3Csvg%20xmlns%3D%22http%3A%2F%2Fwww.w3.org%2F2000%2Fsvg%22%20width%3D%22450%22%20height%3D%22300%22%20viewBox%3D%220%200%20450%20300%22%3E%3C%2Fsvg%3E\" \/><\/span><span class=\"fg-image-overlay\"><\/span><\/a><figcaption class=\"fg-caption\"><div class=\"fg-caption-inner\"><\/div><\/figcaption><\/figure><div class=\"fg-loader\"><\/div><\/div><div class=\"fg-item fg-type-image fg-idle\"><figure class=\"fg-item-inner\"><a href=\"https:\/\/old.mirus.at\/wp-content\/uploads\/2022\/07\/DSC01495-scaled.jpg\" data-attachment-id=\"2381\" class=\"fg-thumb\"><span class=\"fg-image-wrap\"><img height=\"300\" width=\"450\" class=\"skip-lazy fg-image\" data-src-fg=\"https:\/\/old.mirus.at\/wp-content\/uploads\/cache\/2022\/07\/DSC01495-scaled\/533100295.jpg\" src=\"data:image\/svg+xml,%3Csvg%20xmlns%3D%22http%3A%2F%2Fwww.w3.org%2F2000%2Fsvg%22%20width%3D%22450%22%20height%3D%22300%22%20viewBox%3D%220%200%20450%20300%22%3E%3C%2Fsvg%3E\" \/><\/span><span class=\"fg-image-overlay\"><\/span><\/a><figcaption class=\"fg-caption\"><div class=\"fg-caption-inner\"><\/div><\/figcaption><\/figure><div class=\"fg-loader\"><\/div><\/div><div class=\"fg-item fg-type-image fg-idle\"><figure class=\"fg-item-inner\"><a href=\"https:\/\/old.mirus.at\/wp-content\/uploads\/2022\/07\/DSC01497-scaled.jpg\" data-attachment-id=\"2382\" class=\"fg-thumb\"><span class=\"fg-image-wrap\"><img height=\"300\" width=\"450\" class=\"skip-lazy fg-image\" data-src-fg=\"https:\/\/old.mirus.at\/wp-content\/uploads\/cache\/2022\/07\/DSC01497-scaled\/266481398.jpg\" src=\"data:image\/svg+xml,%3Csvg%20xmlns%3D%22http%3A%2F%2Fwww.w3.org%2F2000%2Fsvg%22%20width%3D%22450%22%20height%3D%22300%22%20viewBox%3D%220%200%20450%20300%22%3E%3C%2Fsvg%3E\" \/><\/span><span class=\"fg-image-overlay\"><\/span><\/a><figcaption class=\"fg-caption\"><div class=\"fg-caption-inner\"><\/div><\/figcaption><\/figure><div class=\"fg-loader\"><\/div><\/div><div class=\"fg-item fg-type-image fg-idle\"><figure class=\"fg-item-inner\"><a href=\"https:\/\/old.mirus.at\/wp-content\/uploads\/2022\/07\/DSC01499-scaled.jpg\" data-attachment-id=\"2383\" class=\"fg-thumb\"><span class=\"fg-image-wrap\"><img height=\"300\" width=\"450\" class=\"skip-lazy fg-image\" data-src-fg=\"https:\/\/old.mirus.at\/wp-content\/uploads\/cache\/2022\/07\/DSC01499-scaled\/1008757916.jpg\" src=\"data:image\/svg+xml,%3Csvg%20xmlns%3D%22http%3A%2F%2Fwww.w3.org%2F2000%2Fsvg%22%20width%3D%22450%22%20height%3D%22300%22%20viewBox%3D%220%200%20450%20300%22%3E%3C%2Fsvg%3E\" \/><\/span><span class=\"fg-image-overlay\"><\/span><\/a><figcaption class=\"fg-caption\"><div class=\"fg-caption-inner\"><\/div><\/figcaption><\/figure><div class=\"fg-loader\"><\/div><\/div><div class=\"fg-item fg-type-image fg-idle\"><figure class=\"fg-item-inner\"><a href=\"https:\/\/old.mirus.at\/wp-content\/uploads\/2022\/07\/DSC01501-scaled.jpg\" data-attachment-id=\"2384\" class=\"fg-thumb\"><span class=\"fg-image-wrap\"><img height=\"300\" width=\"450\" class=\"skip-lazy fg-image\" data-src-fg=\"https:\/\/old.mirus.at\/wp-content\/uploads\/cache\/2022\/07\/DSC01501-scaled\/3723618584.jpg\" src=\"data:image\/svg+xml,%3Csvg%20xmlns%3D%22http%3A%2F%2Fwww.w3.org%2F2000%2Fsvg%22%20width%3D%22450%22%20height%3D%22300%22%20viewBox%3D%220%200%20450%20300%22%3E%3C%2Fsvg%3E\" \/><\/span><span class=\"fg-image-overlay\"><\/span><\/a><figcaption class=\"fg-caption\"><div class=\"fg-caption-inner\"><\/div><\/figcaption><\/figure><div class=\"fg-loader\"><\/div><\/div><div class=\"fg-item fg-type-image fg-idle\"><figure class=\"fg-item-inner\"><a href=\"https:\/\/old.mirus.at\/wp-content\/uploads\/2022\/07\/DSC01502-scaled.jpg\" data-attachment-id=\"2385\" class=\"fg-thumb\"><span class=\"fg-image-wrap\"><img height=\"300\" width=\"450\" class=\"skip-lazy fg-image\" data-src-fg=\"https:\/\/old.mirus.at\/wp-content\/uploads\/cache\/2022\/07\/DSC01502-scaled\/306043262.jpg\" src=\"data:image\/svg+xml,%3Csvg%20xmlns%3D%22http%3A%2F%2Fwww.w3.org%2F2000%2Fsvg%22%20width%3D%22450%22%20height%3D%22300%22%20viewBox%3D%220%200%20450%20300%22%3E%3C%2Fsvg%3E\" \/><\/span><span class=\"fg-image-overlay\"><\/span><\/a><figcaption class=\"fg-caption\"><div class=\"fg-caption-inner\"><\/div><\/figcaption><\/figure><div class=\"fg-loader\"><\/div><\/div><div class=\"fg-item fg-type-image fg-idle\"><figure class=\"fg-item-inner\"><a href=\"https:\/\/old.mirus.at\/wp-content\/uploads\/2022\/07\/DSC01503-scaled.jpg\" data-attachment-id=\"2386\" class=\"fg-thumb\"><span class=\"fg-image-wrap\"><img height=\"300\" width=\"450\" class=\"skip-lazy fg-image\" data-src-fg=\"https:\/\/old.mirus.at\/wp-content\/uploads\/cache\/2022\/07\/DSC01503-scaled\/325380854.jpg\" src=\"data:image\/svg+xml,%3Csvg%20xmlns%3D%22http%3A%2F%2Fwww.w3.org%2F2000%2Fsvg%22%20width%3D%22450%22%20height%3D%22300%22%20viewBox%3D%220%200%20450%20300%22%3E%3C%2Fsvg%3E\" \/><\/span><span class=\"fg-image-overlay\"><\/span><\/a><figcaption class=\"fg-caption\"><div class=\"fg-caption-inner\"><\/div><\/figcaption><\/figure><div class=\"fg-loader\"><\/div><\/div><div class=\"fg-item fg-type-image fg-idle\"><figure class=\"fg-item-inner\"><a href=\"https:\/\/old.mirus.at\/wp-content\/uploads\/2022\/07\/DSC01504-scaled.jpg\" data-attachment-id=\"2387\" class=\"fg-thumb\"><span class=\"fg-image-wrap\"><img height=\"300\" width=\"450\" class=\"skip-lazy fg-image\" data-src-fg=\"https:\/\/old.mirus.at\/wp-content\/uploads\/cache\/2022\/07\/DSC01504-scaled\/1456783347.jpg\" src=\"data:image\/svg+xml,%3Csvg%20xmlns%3D%22http%3A%2F%2Fwww.w3.org%2F2000%2Fsvg%22%20width%3D%22450%22%20height%3D%22300%22%20viewBox%3D%220%200%20450%20300%22%3E%3C%2Fsvg%3E\" \/><\/span><span class=\"fg-image-overlay\"><\/span><\/a><figcaption class=\"fg-caption\"><div class=\"fg-caption-inner\"><\/div><\/figcaption><\/figure><div class=\"fg-loader\"><\/div><\/div><\/div>\r\n\n","protected":false},"excerpt":{"rendered":"<p>Nach dem Fr\u00fchst\u00fcck geht es zu Poseidons Garden, einem f\u00fcr einen Check-Tauchgang typisch flachen Riff. Ich habe viel Zeit mich&hellip; <\/p>\n","protected":false},"author":1,"featured_media":0,"parent":0,"menu_order":0,"comment_status":"closed","ping_status":"closed","template":"","meta":{"spay_email":""},"_links":{"self":[{"href":"https:\/\/old.mirus.at\/index.php\/wp-json\/wp\/v2\/pages\/2143"}],"collection":[{"href":"https:\/\/old.mirus.at\/index.php\/wp-json\/wp\/v2\/pages"}],"about":[{"href":"https:\/\/old.mirus.at\/index.php\/wp-json\/wp\/v2\/types\/page"}],"author":[{"embeddable":true,"href":"https:\/\/old.mirus.at\/index.php\/wp-json\/wp\/v2\/users\/1"}],"replies":[{"embeddable":true,"href":"https:\/\/old.mirus.at\/index.php\/wp-json\/wp\/v2\/comments?post=2143"}],"version-history":[{"count":7,"href":"https:\/\/old.mirus.at\/index.php\/wp-json\/wp\/v2\/pages\/2143\/revisions"}],"predecessor-version":[{"id":2388,"href":"https:\/\/old.mirus.at\/index.php\/wp-json\/wp\/v2\/pages\/2143\/revisions\/2388"}],"wp:attachment":[{"href":"https:\/\/old.mirus.at\/index.php\/wp-json\/wp\/v2\/media?parent=2143"}],"curies":[{"name":"wp","href":"https:\/\/api.w.org\/{rel}","templated":true}]}}