{"id":2141,"date":"2022-07-30T16:34:32","date_gmt":"2022-07-30T14:34:32","guid":{"rendered":"https:\/\/www.mirus.at\/?page_id=2141"},"modified":"2022-07-30T18:55:32","modified_gmt":"2022-07-30T16:55:32","slug":"nwt-2022-anreise","status":"publish","type":"page","link":"https:\/\/old.mirus.at\/index.php\/nwt-2022-anreise\/","title":{"rendered":"NWT 2022 &#8211; Anreise"},"content":{"rendered":"\n<p>Nachdem wirs letztes Jahr schon probiert hatten auf die Nordwrack Tour in \u00c4gypten zu gehen, haben wir sie dieses Jahr wieder gebucht. Drei Tage vor Abreise wird uns dann mitgeteilt, dass unser Boot nicht voll genug war und wir mit einem anderen Boot zusammengelegt wurden, wodurch unsere Route etwas k\u00fcrzer bei den Wracks sein wird, daf\u00fcr aber auch Tiran dabei ist. Wir verlieren zwar unsere Oberdeckkabinen, daf\u00fcr wurden wir auf die M\/Y Blue Pearl upgegraded (ohne Mehrkosten) und Nitrox ist auch gratis.<\/p>\n\n\n\n<p>Wir fliegen mit Fly Egypt um 19:20 am 21.7.22, es geht also um kurz nach 16h mit dem Auto aus Wien in Richtung Flughafen. Zun\u00e4chst denken wir, dass wir wie immer viel zu fr\u00fch da sind, da die Check-In Schalter noch nichtmal ge\u00f6ffnet sind, doch nachdem die Schalter \u00f6ffnen und wir sehen, mit welcher Geschwindigkeit sich die Schlange vor uns bewegt, wird uns klar, dass es trotzdem eher knapp werden wird. Der Typ am Schalter ist leider komplett unf\u00e4hig, braucht etwa 10 Minuten um zu verstehen dass wir EIN extra Sportgep\u00e4ck gebucht haben, wir ben\u00f6tigen also insgesamt \u00fcber 20 Minuten f\u00fcr den Check-In. Dies hat dann zur Folge dass der Flieger beinahe eine Stunde zu sp\u00e4t abfliegt, wir kommen also erst etwa um Mitternacht in Hurghada an. <\/p>\n\n\n\n<p>Nach weiteren unf\u00e4higen Leuten beim Visum Verkauf kommen wir endlich bei der Blue Pearl an, machen den Tauch-Check-In und bekommen eine kurze Einweisung zum Schiff. Nachdem wir ausgepackt haben fallen wir etwas nach 2 Uhr ins Bett. Leider hat das Nachbarschiff ihren blau leuchtenden Schiffnamen, der nat\u00fcrlich genau in unsere Kabine scheint, noch bis etwa 4 Uhr an, was das Einschlafen durchaus erschwert.<\/p>\n\n\n\n<figure class=\"wp-block-image size-large\"><img loading=\"lazy\" width=\"1024\" height=\"739\" src=\"https:\/\/old.mirus.at\/wp-content\/uploads\/2022\/07\/20220726_095604-1024x739.jpg\" alt=\"\" class=\"wp-image-2372\" srcset=\"https:\/\/old.mirus.at\/wp-content\/uploads\/2022\/07\/20220726_095604-1024x739.jpg 1024w, https:\/\/old.mirus.at\/wp-content\/uploads\/2022\/07\/20220726_095604-300x217.jpg 300w, https:\/\/old.mirus.at\/wp-content\/uploads\/2022\/07\/20220726_095604-768x554.jpg 768w, https:\/\/old.mirus.at\/wp-content\/uploads\/2022\/07\/20220726_095604-1536x1109.jpg 1536w, https:\/\/old.mirus.at\/wp-content\/uploads\/2022\/07\/20220726_095604-2048x1478.jpg 2048w\" sizes=\"(max-width: 1024px) 100vw, 1024px\" \/><\/figure>\n\n\n\t\t\t<style>\r\n                #foogallery-gallery-2172.fg-justified .fg-item {\r\n                    margin-right: 2px;\r\n                    margin-bottom: 2px;\r\n                }\r\n\r\n                #foogallery-gallery-2172.fg-justified .fg-image {\r\n                    height: 200px;\r\n                }\r\n\t\t\t<\/style>\r\n\t\t\t<div class=\"foogallery foogallery-container foogallery-justified foogallery-lightbox-none fg-justified fg-light fg-shadow-outline fg-loading-default fg-loaded-fade-in fg-caption-always fg-hover-fade fg-hover-zoom2 fg-ready\" id=\"foogallery-gallery-2172\" data-foogallery=\"{&quot;item&quot;:{&quot;showCaptionTitle&quot;:true,&quot;showCaptionDescription&quot;:false},&quot;lazy&quot;:true,&quot;template&quot;:{&quot;rowHeight&quot;:200,&quot;maxRowHeight&quot;:300,&quot;margins&quot;:2,&quot;align&quot;:&quot;center&quot;,&quot;lastRow&quot;:&quot;smart&quot;}}\" >\r\n\t<div class=\"fg-item fg-type-image fg-idle\"><figure class=\"fg-item-inner\"><a href=\"https:\/\/old.mirus.at\/wp-content\/uploads\/2022\/07\/DSC3535-scaled.jpg\" data-attachment-id=\"2174\" class=\"fg-thumb\"><span class=\"fg-image-wrap\"><img height=\"300\" width=\"450\" class=\"skip-lazy fg-image\" data-src-fg=\"https:\/\/old.mirus.at\/wp-content\/uploads\/cache\/2022\/07\/DSC3535-scaled\/2218293415.jpg\" src=\"data:image\/svg+xml,%3Csvg%20xmlns%3D%22http%3A%2F%2Fwww.w3.org%2F2000%2Fsvg%22%20width%3D%22450%22%20height%3D%22300%22%20viewBox%3D%220%200%20450%20300%22%3E%3C%2Fsvg%3E\" \/><\/span><span class=\"fg-image-overlay\"><\/span><\/a><figcaption class=\"fg-caption\"><div class=\"fg-caption-inner\"><\/div><\/figcaption><\/figure><div class=\"fg-loader\"><\/div><\/div><div class=\"fg-item fg-type-image fg-idle\"><figure class=\"fg-item-inner\"><a href=\"https:\/\/old.mirus.at\/wp-content\/uploads\/2022\/07\/DSC3546-scaled.jpg\" data-attachment-id=\"2176\" class=\"fg-thumb\"><span class=\"fg-image-wrap\"><img height=\"300\" width=\"450\" class=\"skip-lazy fg-image\" data-src-fg=\"https:\/\/old.mirus.at\/wp-content\/uploads\/cache\/2022\/07\/DSC3546-scaled\/2100649841.jpg\" src=\"data:image\/svg+xml,%3Csvg%20xmlns%3D%22http%3A%2F%2Fwww.w3.org%2F2000%2Fsvg%22%20width%3D%22450%22%20height%3D%22300%22%20viewBox%3D%220%200%20450%20300%22%3E%3C%2Fsvg%3E\" \/><\/span><span class=\"fg-image-overlay\"><\/span><\/a><figcaption class=\"fg-caption\"><div class=\"fg-caption-inner\"><\/div><\/figcaption><\/figure><div class=\"fg-loader\"><\/div><\/div><div class=\"fg-item fg-type-image fg-idle\"><figure class=\"fg-item-inner\"><a href=\"https:\/\/old.mirus.at\/wp-content\/uploads\/2022\/07\/DSC3544-scaled.jpg\" data-attachment-id=\"2175\" class=\"fg-thumb\"><span class=\"fg-image-wrap\"><img height=\"300\" width=\"450\" class=\"skip-lazy fg-image\" data-src-fg=\"https:\/\/old.mirus.at\/wp-content\/uploads\/cache\/2022\/07\/DSC3544-scaled\/3405677015.jpg\" src=\"data:image\/svg+xml,%3Csvg%20xmlns%3D%22http%3A%2F%2Fwww.w3.org%2F2000%2Fsvg%22%20width%3D%22450%22%20height%3D%22300%22%20viewBox%3D%220%200%20450%20300%22%3E%3C%2Fsvg%3E\" \/><\/span><span class=\"fg-image-overlay\"><\/span><\/a><figcaption class=\"fg-caption\"><div class=\"fg-caption-inner\"><\/div><\/figcaption><\/figure><div class=\"fg-loader\"><\/div><\/div><div class=\"fg-item fg-type-image fg-idle\"><figure class=\"fg-item-inner\"><a href=\"https:\/\/old.mirus.at\/wp-content\/uploads\/2022\/07\/DSC3564-scaled.jpg\" data-attachment-id=\"2173\" class=\"fg-thumb\"><span class=\"fg-image-wrap\"><img height=\"300\" width=\"450\" class=\"skip-lazy fg-image\" data-src-fg=\"https:\/\/old.mirus.at\/wp-content\/uploads\/cache\/2022\/07\/DSC3564-scaled\/1942256346.jpg\" src=\"data:image\/svg+xml,%3Csvg%20xmlns%3D%22http%3A%2F%2Fwww.w3.org%2F2000%2Fsvg%22%20width%3D%22450%22%20height%3D%22300%22%20viewBox%3D%220%200%20450%20300%22%3E%3C%2Fsvg%3E\" \/><\/span><span class=\"fg-image-overlay\"><\/span><\/a><figcaption class=\"fg-caption\"><div class=\"fg-caption-inner\"><\/div><\/figcaption><\/figure><div class=\"fg-loader\"><\/div><\/div><\/div>\r\n\n","protected":false},"excerpt":{"rendered":"<p>Nachdem wirs letztes Jahr schon probiert hatten auf die Nordwrack Tour in \u00c4gypten zu gehen, haben wir sie dieses Jahr&hellip; <\/p>\n","protected":false},"author":1,"featured_media":0,"parent":0,"menu_order":0,"comment_status":"closed","ping_status":"closed","template":"","meta":{"spay_email":""},"_links":{"self":[{"href":"https:\/\/old.mirus.at\/index.php\/wp-json\/wp\/v2\/pages\/2141"}],"collection":[{"href":"https:\/\/old.mirus.at\/index.php\/wp-json\/wp\/v2\/pages"}],"about":[{"href":"https:\/\/old.mirus.at\/index.php\/wp-json\/wp\/v2\/types\/page"}],"author":[{"embeddable":true,"href":"https:\/\/old.mirus.at\/index.php\/wp-json\/wp\/v2\/users\/1"}],"replies":[{"embeddable":true,"href":"https:\/\/old.mirus.at\/index.php\/wp-json\/wp\/v2\/comments?post=2141"}],"version-history":[{"count":4,"href":"https:\/\/old.mirus.at\/index.php\/wp-json\/wp\/v2\/pages\/2141\/revisions"}],"predecessor-version":[{"id":2373,"href":"https:\/\/old.mirus.at\/index.php\/wp-json\/wp\/v2\/pages\/2141\/revisions\/2373"}],"wp:attachment":[{"href":"https:\/\/old.mirus.at\/index.php\/wp-json\/wp\/v2\/media?parent=2141"}],"curies":[{"name":"wp","href":"https:\/\/api.w.org\/{rel}","templated":true}]}}