{"id":2090,"date":"2021-08-22T11:53:07","date_gmt":"2021-08-22T09:53:07","guid":{"rendered":"https:\/\/www.mirus.at\/?page_id=2090"},"modified":"2021-08-22T11:53:08","modified_gmt":"2021-08-22T09:53:08","slug":"bde-2021-tag-6-small-giftun","status":"publish","type":"page","link":"https:\/\/old.mirus.at\/index.php\/bde-2021-tag-6-small-giftun\/","title":{"rendered":"BDE 2021 &#8211; Tag 6 &#8211; Small Giftun"},"content":{"rendered":"\n<p>Als wir heute &#8211; um 6:30 &#8211; aufstehen, geht es mir schon viel besser und ich beschlie\u00dfe, zumindest den ersten Tauchgang zu versuchen. Wir sind bei Small Giftun (scheinbar ein bekannter Platz) bei Hurghada und betauchen die Police Station. Hier gibt es viele Gorgonien, in denen sich der unter Deutschsprachigen sehr beliebte Langnasen-B\u00fcschelbarsch (Lanab\u00fcba) versteckt. Und tats\u00e4chlich &#8211; auf ca. 26m finde ich einen! Zuerst versteckt er sich so unter der Gorgonie, dass ein Foto nicht m\u00f6glich ist, doch nach kurzer Zeit kommt er kurz hoch und ich kann ein paar mal schnell abdr\u00fccken. Ich bin sehr gl\u00fccklich und der Rest des Tauchgangs l\u00e4uft entspannt mit einigen Mur\u00e4nen und auch einem Krokodilfisch. <br>In der Pause zwischen den Tauchg\u00e4ngen sehen wir, wie Schiffeweise Touristen angekarrt und zum Schnorcheln im Wasser abgeladen werden. Es ist recht lustig, ihnen dabei zuzusehen, wie sie sich im Wasser in Gro\u00dfgruppen fortbewegen, einige sehen aus, als w\u00e4ren sie noch nie zuvor im Wasser gewesen. <br>Der letzte Tauchgang ist unguided vom Boot aus, danach wird noch das Equipment gewaschen und es geht zur\u00fcck in den Hafen von Hurghada.<\/p>\n\n\n\t\t\t<style>\r\n                #foogallery-gallery-1977.fg-justified .fg-item {\r\n                    margin-right: 2px;\r\n                    margin-bottom: 2px;\r\n                }\r\n\r\n                #foogallery-gallery-1977.fg-justified .fg-image {\r\n                    height: 200px;\r\n                }\r\n\t\t\t<\/style>\r\n\t\t\t<div class=\"foogallery foogallery-container foogallery-justified foogallery-lightbox-none fg-justified fg-light fg-shadow-outline fg-loading-default fg-loaded-fade-in fg-caption-always fg-hover-fade fg-hover-zoom2 fg-ready\" id=\"foogallery-gallery-1977\" data-foogallery=\"{&quot;item&quot;:{&quot;showCaptionTitle&quot;:true,&quot;showCaptionDescription&quot;:false},&quot;lazy&quot;:true,&quot;template&quot;:{&quot;rowHeight&quot;:200,&quot;maxRowHeight&quot;:300,&quot;margins&quot;:2,&quot;align&quot;:&quot;center&quot;,&quot;lastRow&quot;:&quot;smart&quot;}}\" >\r\n\t<div class=\"fg-item fg-type-image fg-idle\"><figure class=\"fg-item-inner\"><a href=\"https:\/\/old.mirus.at\/wp-content\/uploads\/2021\/08\/DSC0457-Bearbeitet-scaled.jpg\" data-attachment-id=\"1978\" class=\"fg-thumb\"><span class=\"fg-image-wrap\"><img height=\"300\" width=\"450\" class=\"skip-lazy fg-image\" data-src-fg=\"https:\/\/old.mirus.at\/wp-content\/uploads\/cache\/2021\/08\/DSC0457-Bearbeitet-scaled\/3727917478.jpg\" src=\"data:image\/svg+xml,%3Csvg%20xmlns%3D%22http%3A%2F%2Fwww.w3.org%2F2000%2Fsvg%22%20width%3D%22450%22%20height%3D%22300%22%20viewBox%3D%220%200%20450%20300%22%3E%3C%2Fsvg%3E\" \/><\/span><span class=\"fg-image-overlay\"><\/span><\/a><figcaption class=\"fg-caption\"><div class=\"fg-caption-inner\"><\/div><\/figcaption><\/figure><div class=\"fg-loader\"><\/div><\/div><div class=\"fg-item fg-type-image fg-idle\"><figure class=\"fg-item-inner\"><a href=\"https:\/\/old.mirus.at\/wp-content\/uploads\/2021\/08\/DSC0459-1-scaled.jpg\" data-attachment-id=\"2135\" class=\"fg-thumb\"><span class=\"fg-image-wrap\"><img height=\"300\" width=\"450\" class=\"skip-lazy fg-image\" data-src-fg=\"https:\/\/old.mirus.at\/wp-content\/uploads\/cache\/2021\/08\/DSC0459-1-scaled\/921833287.jpg\" src=\"data:image\/svg+xml,%3Csvg%20xmlns%3D%22http%3A%2F%2Fwww.w3.org%2F2000%2Fsvg%22%20width%3D%22450%22%20height%3D%22300%22%20viewBox%3D%220%200%20450%20300%22%3E%3C%2Fsvg%3E\" \/><\/span><span class=\"fg-image-overlay\"><\/span><\/a><figcaption class=\"fg-caption\"><div class=\"fg-caption-inner\"><\/div><\/figcaption><\/figure><div class=\"fg-loader\"><\/div><\/div><div class=\"fg-item fg-type-image fg-idle\"><figure class=\"fg-item-inner\"><a href=\"https:\/\/old.mirus.at\/wp-content\/uploads\/2021\/08\/DSC0481-scaled.jpg\" data-attachment-id=\"1981\" class=\"fg-thumb\"><span class=\"fg-image-wrap\"><img height=\"300\" width=\"450\" class=\"skip-lazy fg-image\" data-src-fg=\"https:\/\/old.mirus.at\/wp-content\/uploads\/cache\/2021\/08\/DSC0481-scaled\/3154788384.jpg\" src=\"data:image\/svg+xml,%3Csvg%20xmlns%3D%22http%3A%2F%2Fwww.w3.org%2F2000%2Fsvg%22%20width%3D%22450%22%20height%3D%22300%22%20viewBox%3D%220%200%20450%20300%22%3E%3C%2Fsvg%3E\" \/><\/span><span class=\"fg-image-overlay\"><\/span><\/a><figcaption class=\"fg-caption\"><div class=\"fg-caption-inner\"><\/div><\/figcaption><\/figure><div class=\"fg-loader\"><\/div><\/div><div class=\"fg-item fg-type-image fg-idle\"><figure class=\"fg-item-inner\"><a href=\"https:\/\/old.mirus.at\/wp-content\/uploads\/2021\/08\/DSC0513-Bearbeitet-scaled.jpg\" data-attachment-id=\"1980\" class=\"fg-thumb\"><span class=\"fg-image-wrap\"><img height=\"300\" width=\"450\" class=\"skip-lazy fg-image\" data-src-fg=\"https:\/\/old.mirus.at\/wp-content\/uploads\/cache\/2021\/08\/DSC0513-Bearbeitet-scaled\/2577016343.jpg\" src=\"data:image\/svg+xml,%3Csvg%20xmlns%3D%22http%3A%2F%2Fwww.w3.org%2F2000%2Fsvg%22%20width%3D%22450%22%20height%3D%22300%22%20viewBox%3D%220%200%20450%20300%22%3E%3C%2Fsvg%3E\" \/><\/span><span class=\"fg-image-overlay\"><\/span><\/a><figcaption class=\"fg-caption\"><div class=\"fg-caption-inner\"><\/div><\/figcaption><\/figure><div class=\"fg-loader\"><\/div><\/div><div class=\"fg-item fg-type-image fg-idle\"><figure class=\"fg-item-inner\"><a href=\"https:\/\/old.mirus.at\/wp-content\/uploads\/2021\/08\/DSC0515-Bearbeitet.jpg\" data-attachment-id=\"1979\" class=\"fg-thumb\"><span class=\"fg-image-wrap\"><img height=\"300\" width=\"450\" class=\"skip-lazy fg-image\" data-src-fg=\"https:\/\/old.mirus.at\/wp-content\/uploads\/cache\/2021\/08\/DSC0515-Bearbeitet\/3766193936.jpg\" src=\"data:image\/svg+xml,%3Csvg%20xmlns%3D%22http%3A%2F%2Fwww.w3.org%2F2000%2Fsvg%22%20width%3D%22450%22%20height%3D%22300%22%20viewBox%3D%220%200%20450%20300%22%3E%3C%2Fsvg%3E\" \/><\/span><span class=\"fg-image-overlay\"><\/span><\/a><figcaption class=\"fg-caption\"><div class=\"fg-caption-inner\"><\/div><\/figcaption><\/figure><div class=\"fg-loader\"><\/div><\/div><\/div>\r\n","protected":false},"excerpt":{"rendered":"<p>Als wir heute &#8211; um 6:30 &#8211; aufstehen, geht es mir schon viel besser und ich beschlie\u00dfe, zumindest den ersten&hellip; <\/p>\n","protected":false},"author":1,"featured_media":0,"parent":0,"menu_order":0,"comment_status":"closed","ping_status":"closed","template":"","meta":{"spay_email":""},"_links":{"self":[{"href":"https:\/\/old.mirus.at\/index.php\/wp-json\/wp\/v2\/pages\/2090"}],"collection":[{"href":"https:\/\/old.mirus.at\/index.php\/wp-json\/wp\/v2\/pages"}],"about":[{"href":"https:\/\/old.mirus.at\/index.php\/wp-json\/wp\/v2\/types\/page"}],"author":[{"embeddable":true,"href":"https:\/\/old.mirus.at\/index.php\/wp-json\/wp\/v2\/users\/1"}],"replies":[{"embeddable":true,"href":"https:\/\/old.mirus.at\/index.php\/wp-json\/wp\/v2\/comments?post=2090"}],"version-history":[{"count":1,"href":"https:\/\/old.mirus.at\/index.php\/wp-json\/wp\/v2\/pages\/2090\/revisions"}],"predecessor-version":[{"id":2091,"href":"https:\/\/old.mirus.at\/index.php\/wp-json\/wp\/v2\/pages\/2090\/revisions\/2091"}],"wp:attachment":[{"href":"https:\/\/old.mirus.at\/index.php\/wp-json\/wp\/v2\/media?parent=2090"}],"curies":[{"name":"wp","href":"https:\/\/api.w.org\/{rel}","templated":true}]}}