{"id":1770,"date":"2021-07-15T20:36:57","date_gmt":"2021-07-15T18:36:57","guid":{"rendered":"https:\/\/www.mirus.at\/?page_id=1770"},"modified":"2021-07-15T22:08:56","modified_gmt":"2021-07-15T20:08:56","slug":"gozo-2021-tag-4","status":"publish","type":"page","link":"https:\/\/old.mirus.at\/index.php\/gozo-2021-tag-4\/","title":{"rendered":"Gozo 2021 &#8211; Tag 4"},"content":{"rendered":"\n<p>Heute gibt es keine selbstgemachten Fotos, da wir einen Scooter-Kurs machen, zu dem es nicht ratsam ist, gro\u00dfe Kameras mitzunehmen. Wir fahren zur Xwejni-Bay, wo wir nochmal kurz die Einweisung von gestern wiederholen und dann die Scooter vorbereiten. <\/p>\n\n\n\n<p>Schon nach ein paar Metern gew\u00f6hnen wir uns an die neue Fortbewegungsart, es ist einfach richtig cool! Nach ein paar \u00dcbungsrunden machen wir uns auf zur Triple Arch, einer H\u00f6hle mit drei Eing\u00e4ngen, durch die das Licht super hineinscheint. Die leichte Str\u00f6mung ignorieren wir auf den Scootern einfach und wir ben\u00f6tigen f\u00fcr einen Weg, der &#8222;zu Flosse&#8220; 20-25min dauert nur etwas \u00fcber 5min! Auch die Entfernung zur zweiten Location, der Submarine Cave, ist schnell \u00fcberbr\u00fcckt und die H\u00f6hle in wenigen Minuten erkundet. Zum Abschluss machen wir noch eine Abschlepp\u00fcbung.<\/p>\n\n\n\n<p>Nach einem guten Mittagessen gehts weiter zur Double Arch, die zwischen den beiden Pl\u00e4tzen vom Vormittag liegt. Dies ist keine H\u00f6hle, sondern quasi eine (doppelte) &#8222;Unterf\u00fchrung&#8220; durch ein Kliff. Auf dem R\u00fcckweg sehen wir noch eine ganze Schule Barracudas! Zu guter Letzt darf Papa noch seinen eigenen Scooter ausprobieren und \u00fcberaschenderweise kann dieser mit den gro\u00dfen zumindest in der Geschwindigkeit mithalten! (der Akku is nur sehr viel schneller leer&#8230;) Es war jedenfalls eine sehr coole Erfahrung und wir werden uns wohl zuk\u00fcftig auch \u00f6fter mal Scooter ausleihen! (Nur mit der Kamera brauchen wir noch eine L\u00f6sung \ud83d\ude09 )<\/p>\n\n\n\n<figure class=\"wp-block-image size-large\"><img loading=\"lazy\" width=\"1024\" height=\"768\" src=\"https:\/\/old.mirus.at\/wp-content\/uploads\/2021\/07\/GOPR1496-1024x768.jpg\" alt=\"\" class=\"wp-image-1773\" srcset=\"https:\/\/old.mirus.at\/wp-content\/uploads\/2021\/07\/GOPR1496-1024x768.jpg 1024w, https:\/\/old.mirus.at\/wp-content\/uploads\/2021\/07\/GOPR1496-300x225.jpg 300w, https:\/\/old.mirus.at\/wp-content\/uploads\/2021\/07\/GOPR1496-768x576.jpg 768w, https:\/\/old.mirus.at\/wp-content\/uploads\/2021\/07\/GOPR1496-1536x1152.jpg 1536w, https:\/\/old.mirus.at\/wp-content\/uploads\/2021\/07\/GOPR1496-2048x1536.jpg 2048w\" sizes=\"(max-width: 1024px) 100vw, 1024px\" \/><figcaption>(Bild von der GoPro des Tauchlehrers)<\/figcaption><\/figure>\n\n\n\n<p><\/p>\n","protected":false},"excerpt":{"rendered":"<p>Heute gibt es keine selbstgemachten Fotos, da wir einen Scooter-Kurs machen, zu dem es nicht ratsam ist, gro\u00dfe Kameras mitzunehmen.&hellip; <\/p>\n","protected":false},"author":1,"featured_media":0,"parent":0,"menu_order":0,"comment_status":"closed","ping_status":"closed","template":"","meta":{"spay_email":""},"_links":{"self":[{"href":"https:\/\/old.mirus.at\/index.php\/wp-json\/wp\/v2\/pages\/1770"}],"collection":[{"href":"https:\/\/old.mirus.at\/index.php\/wp-json\/wp\/v2\/pages"}],"about":[{"href":"https:\/\/old.mirus.at\/index.php\/wp-json\/wp\/v2\/types\/page"}],"author":[{"embeddable":true,"href":"https:\/\/old.mirus.at\/index.php\/wp-json\/wp\/v2\/users\/1"}],"replies":[{"embeddable":true,"href":"https:\/\/old.mirus.at\/index.php\/wp-json\/wp\/v2\/comments?post=1770"}],"version-history":[{"count":5,"href":"https:\/\/old.mirus.at\/index.php\/wp-json\/wp\/v2\/pages\/1770\/revisions"}],"predecessor-version":[{"id":1814,"href":"https:\/\/old.mirus.at\/index.php\/wp-json\/wp\/v2\/pages\/1770\/revisions\/1814"}],"wp:attachment":[{"href":"https:\/\/old.mirus.at\/index.php\/wp-json\/wp\/v2\/media?parent=1770"}],"curies":[{"name":"wp","href":"https:\/\/api.w.org\/{rel}","templated":true}]}}