{"id":1655,"date":"2021-07-12T22:12:40","date_gmt":"2021-07-12T20:12:40","guid":{"rendered":"https:\/\/www.mirus.at\/?page_id=1655"},"modified":"2021-07-12T22:46:32","modified_gmt":"2021-07-12T20:46:32","slug":"gozo-2021-tag-1","status":"publish","type":"page","link":"https:\/\/old.mirus.at\/index.php\/gozo-2021-tag-1\/","title":{"rendered":"Gozo 2021 &#8211; Tag 1"},"content":{"rendered":"\n<p>Um 7:30 geht es los &#8211; mit 3 Koffern die alle beinahe bis 23kg vollgepackt sind und 2 Handgep\u00e4cken, die ebenfalls jeweils 9,95kg haben. Nachdem am Flughafen alles reibungslos funktioniert hat, startet nach zweist\u00fcndigem Warten der Flieger &#8211; und wir haben eine ganze Reihe f\u00fcr uns in einem sonst ausgebuchten Flugzeug. (wahrscheinlich weil wir am Notausgang sitzen) In Malta angekommen stellen wir fest, dass einem unserer Koffer ein Rad fehlt, also m\u00fcssen wir dies langwierig aufnehmen lassen&#8230; <\/p>\n\n\n\n<p>Wir dachten schon, dass der Transfer ohne uns losgefahren ist, doch scheinbar bekommt nun dank COVID jede Gruppe ein eigenes Fahrzeug. Unser Fahrer will allerdings anscheinend die verlorene Zeit gutmachen und so kommen wir so schnell wie noch nie bei der F\u00e4hre und auch im Hotel an. Wir werden freundlich empfangen und in die COVID Bestimmungen eingewiesen, das Zimmer ist eines in dem wir eh schon mal waren. <\/p>\n\n\n\n<p>In der Tauchschule erfahren wir dann, dass wir soeben die Anzahl der G\u00e4ste verdoppelt haben &#8211; wir sind nun zu viert (mit f\u00fcnf Tauchlehrern). Auch hier gibt es einige COVID-bedingte Ver\u00e4nderungen, so hat die Tauchschule ihre plastikfreie Zeit pausiert und die Tauchausr\u00fcstung wird nichtmehr in einem gemeinsamen Becken abgewaschen, sondern mit einem Schlauch abgeschwemmt. <\/p>\n\n\n\n<p>Im Hotel genie\u00dfen wir noch unser rooftop bbq und sehen noch das EM-Finale bis zur Verl\u00e4ngerung, dann gehen wir schlafen, weil wir morgen um 7 Uhr aufstehen m\u00fcssen.<\/p>\n","protected":false},"excerpt":{"rendered":"<p>Um 7:30 geht es los &#8211; mit 3 Koffern die alle beinahe bis 23kg vollgepackt sind und 2 Handgep\u00e4cken, die&hellip; <\/p>\n","protected":false},"author":1,"featured_media":0,"parent":0,"menu_order":0,"comment_status":"closed","ping_status":"closed","template":"","meta":{"spay_email":""},"_links":{"self":[{"href":"https:\/\/old.mirus.at\/index.php\/wp-json\/wp\/v2\/pages\/1655"}],"collection":[{"href":"https:\/\/old.mirus.at\/index.php\/wp-json\/wp\/v2\/pages"}],"about":[{"href":"https:\/\/old.mirus.at\/index.php\/wp-json\/wp\/v2\/types\/page"}],"author":[{"embeddable":true,"href":"https:\/\/old.mirus.at\/index.php\/wp-json\/wp\/v2\/users\/1"}],"replies":[{"embeddable":true,"href":"https:\/\/old.mirus.at\/index.php\/wp-json\/wp\/v2\/comments?post=1655"}],"version-history":[{"count":2,"href":"https:\/\/old.mirus.at\/index.php\/wp-json\/wp\/v2\/pages\/1655\/revisions"}],"predecessor-version":[{"id":1657,"href":"https:\/\/old.mirus.at\/index.php\/wp-json\/wp\/v2\/pages\/1655\/revisions\/1657"}],"wp:attachment":[{"href":"https:\/\/old.mirus.at\/index.php\/wp-json\/wp\/v2\/media?parent=1655"}],"curies":[{"name":"wp","href":"https:\/\/api.w.org\/{rel}","templated":true}]}}