{"id":1050,"date":"2019-08-29T18:53:51","date_gmt":"2019-08-29T16:53:51","guid":{"rendered":"http:\/\/mirus.at\/?page_id=1050"},"modified":"2019-08-29T20:41:25","modified_gmt":"2019-08-29T18:41:25","slug":"gozo-2019-tag-6-29-08-2019","status":"publish","type":"page","link":"https:\/\/old.mirus.at\/index.php\/gozo-2019-tag-6-29-08-2019\/","title":{"rendered":"Gozo 2019 &#8211; Tag 6 &#8211; 29.8.2019"},"content":{"rendered":"<p>Heute waren wir zun\u00e4chst bei Inland Sea, einem sch\u00f6nen Tauchgang bei dem man durch einen gro\u00dfen Spalt, bzw. Tunnel, ins Meer hinaustaucht. Dort sind wir auf 30m gedropped, wo wir eine lebendige und eine tote Languste gesehen haben. Zur\u00fcck gings dann die Felswand entlang, die mit vielen Spalten und kleinen H\u00f6hlen versehen sind, in die man schauen kann. Der zweite Tauchgang war an einem meiner Lieblingspl\u00e4tze hier, dem Blue Hole. Hier sieht man die \u00dcberreste des Azure Windows unter Wasser, welche von oben wie ein Gebirge wirken, weshalb sie auch die &#8222;Alps&#8220; genannt werden. Der gr\u00f6\u00dfte Fels hei\u00dft &#8222;Matterhorn&#8220;, die \u00c4hnlichkeit ist gut erkennbar.<br \/>\nAm Ende sind wie immer die Bilder von der Nikon W300.<\/p>\n\t\t\t<style>\r\n                #foogallery-gallery-1018.fg-justified .fg-item {\r\n                    margin-right: 1px;\r\n                    margin-bottom: 1px;\r\n                }\r\n\r\n                #foogallery-gallery-1018.fg-justified .fg-image {\r\n                    height: 150px;\r\n                }\r\n\t\t\t<\/style>\r\n\t\t\t<div class=\"foogallery foogallery-container foogallery-justified foogallery-lightbox-none fg-justified fg-light fg-border-thin fg-shadow-outline fg-loading-default fg-loaded-fade-in fg-caption-hover fg-hover-fade fg-hover-zoom fg-ready\" id=\"foogallery-gallery-1018\" data-foogallery=\"{&quot;item&quot;:{&quot;showCaptionTitle&quot;:true,&quot;showCaptionDescription&quot;:true},&quot;lazy&quot;:false,&quot;src&quot;:&quot;src&quot;,&quot;srcset&quot;:&quot;srcset&quot;,&quot;template&quot;:{&quot;rowHeight&quot;:150,&quot;maxRowHeight&quot;:300,&quot;margins&quot;:1,&quot;align&quot;:&quot;center&quot;,&quot;lastRow&quot;:&quot;smart&quot;}}\" >\r\n\t<div class=\"fg-item fg-type-image fg-loaded\"><figure class=\"fg-item-inner\"><a href=\"https:\/\/old.mirus.at\/wp-content\/uploads\/2019\/08\/DSC00290-Bearbeitet.jpg\" data-attachment-id=\"1029\" class=\"fg-thumb\"><span class=\"fg-image-wrap\"><img src=\"https:\/\/old.mirus.at\/wp-content\/uploads\/cache\/2019\/08\/DSC00290-Bearbeitet\/1599432193.jpg\" height=\"300\" width=\"200\" class=\"skip-lazy fg-image\" \/><\/span><span class=\"fg-image-overlay\"><\/span><\/a><figcaption class=\"fg-caption\"><div class=\"fg-caption-inner\"><\/div><\/figcaption><\/figure><div class=\"fg-loader\"><\/div><\/div><div class=\"fg-item fg-type-image fg-loaded\"><figure class=\"fg-item-inner\"><a href=\"https:\/\/old.mirus.at\/wp-content\/uploads\/2019\/08\/DSC00300.jpg\" data-attachment-id=\"1030\" class=\"fg-thumb\"><span class=\"fg-image-wrap\"><img src=\"https:\/\/old.mirus.at\/wp-content\/uploads\/cache\/2019\/08\/DSC00300\/2150829064.jpg\" height=\"300\" width=\"450\" class=\"skip-lazy fg-image\" \/><\/span><span class=\"fg-image-overlay\"><\/span><\/a><figcaption class=\"fg-caption\"><div class=\"fg-caption-inner\"><\/div><\/figcaption><\/figure><div class=\"fg-loader\"><\/div><\/div><div class=\"fg-item fg-type-image fg-loaded\"><figure class=\"fg-item-inner\"><a href=\"https:\/\/old.mirus.at\/wp-content\/uploads\/2019\/08\/DSC00302.jpg\" data-attachment-id=\"1031\" class=\"fg-thumb\"><span class=\"fg-image-wrap\"><img src=\"https:\/\/old.mirus.at\/wp-content\/uploads\/cache\/2019\/08\/DSC00302\/495353570.jpg\" height=\"300\" width=\"450\" class=\"skip-lazy fg-image\" \/><\/span><span class=\"fg-image-overlay\"><\/span><\/a><figcaption class=\"fg-caption\"><div class=\"fg-caption-inner\"><\/div><\/figcaption><\/figure><div class=\"fg-loader\"><\/div><\/div><div class=\"fg-item fg-type-image fg-loaded\"><figure class=\"fg-item-inner\"><a href=\"https:\/\/old.mirus.at\/wp-content\/uploads\/2019\/08\/DSC00306.jpg\" data-attachment-id=\"1032\" class=\"fg-thumb\"><span class=\"fg-image-wrap\"><img src=\"https:\/\/old.mirus.at\/wp-content\/uploads\/cache\/2019\/08\/DSC00306\/571336928.jpg\" height=\"300\" width=\"450\" class=\"skip-lazy fg-image\" \/><\/span><span class=\"fg-image-overlay\"><\/span><\/a><figcaption class=\"fg-caption\"><div class=\"fg-caption-inner\"><\/div><\/figcaption><\/figure><div class=\"fg-loader\"><\/div><\/div><div class=\"fg-item fg-type-image fg-loaded\"><figure class=\"fg-item-inner\"><a href=\"https:\/\/old.mirus.at\/wp-content\/uploads\/2019\/08\/DSC00308.jpg\" data-attachment-id=\"1033\" class=\"fg-thumb\"><span class=\"fg-image-wrap\"><img src=\"https:\/\/old.mirus.at\/wp-content\/uploads\/cache\/2019\/08\/DSC00308\/3893858117.jpg\" height=\"300\" width=\"450\" class=\"skip-lazy fg-image\" \/><\/span><span class=\"fg-image-overlay\"><\/span><\/a><figcaption class=\"fg-caption\"><div class=\"fg-caption-inner\"><\/div><\/figcaption><\/figure><div class=\"fg-loader\"><\/div><\/div><div class=\"fg-item fg-type-image fg-loaded\"><figure class=\"fg-item-inner\"><a href=\"https:\/\/old.mirus.at\/wp-content\/uploads\/2019\/08\/DSC00319.jpg\" data-attachment-id=\"1034\" class=\"fg-thumb\"><span class=\"fg-image-wrap\"><img src=\"https:\/\/old.mirus.at\/wp-content\/uploads\/cache\/2019\/08\/DSC00319\/1084545470.jpg\" height=\"300\" width=\"449\" class=\"skip-lazy fg-image\" \/><\/span><span class=\"fg-image-overlay\"><\/span><\/a><figcaption class=\"fg-caption\"><div class=\"fg-caption-inner\"><\/div><\/figcaption><\/figure><div class=\"fg-loader\"><\/div><\/div><div class=\"fg-item fg-type-image fg-loaded\"><figure class=\"fg-item-inner\"><a href=\"https:\/\/old.mirus.at\/wp-content\/uploads\/2019\/08\/DSC00339-Bearbeitet.jpg\" data-attachment-id=\"1035\" class=\"fg-thumb\"><span class=\"fg-image-wrap\"><img src=\"https:\/\/old.mirus.at\/wp-content\/uploads\/cache\/2019\/08\/DSC00339-Bearbeitet\/2003699941.jpg\" height=\"300\" width=\"200\" class=\"skip-lazy fg-image\" \/><\/span><span class=\"fg-image-overlay\"><\/span><\/a><figcaption class=\"fg-caption\"><div class=\"fg-caption-inner\"><\/div><\/figcaption><\/figure><div class=\"fg-loader\"><\/div><\/div><div class=\"fg-item fg-type-image fg-loaded\"><figure class=\"fg-item-inner\"><a href=\"https:\/\/old.mirus.at\/wp-content\/uploads\/2019\/08\/DSC00345.jpg\" data-attachment-id=\"1036\" class=\"fg-thumb\"><span class=\"fg-image-wrap\"><img src=\"https:\/\/old.mirus.at\/wp-content\/uploads\/cache\/2019\/08\/DSC00345\/969762001.jpg\" height=\"300\" width=\"450\" class=\"skip-lazy fg-image\" \/><\/span><span class=\"fg-image-overlay\"><\/span><\/a><figcaption class=\"fg-caption\"><div class=\"fg-caption-inner\"><\/div><\/figcaption><\/figure><div class=\"fg-loader\"><\/div><\/div><div class=\"fg-item fg-type-image fg-loaded\"><figure class=\"fg-item-inner\"><a href=\"https:\/\/old.mirus.at\/wp-content\/uploads\/2019\/08\/DSC00355.jpg\" data-attachment-id=\"1019\" class=\"fg-thumb\"><span class=\"fg-image-wrap\"><img src=\"https:\/\/old.mirus.at\/wp-content\/uploads\/cache\/2019\/08\/DSC00355\/3398151277.jpg\" height=\"300\" width=\"450\" class=\"skip-lazy fg-image\" \/><\/span><span class=\"fg-image-overlay\"><\/span><\/a><figcaption class=\"fg-caption\"><div class=\"fg-caption-inner\"><\/div><\/figcaption><\/figure><div class=\"fg-loader\"><\/div><\/div><div class=\"fg-item fg-type-image fg-loaded\"><figure class=\"fg-item-inner\"><a href=\"https:\/\/old.mirus.at\/wp-content\/uploads\/2019\/08\/DSC00352.jpg\" data-attachment-id=\"1037\" class=\"fg-thumb\"><span class=\"fg-image-wrap\"><img src=\"https:\/\/old.mirus.at\/wp-content\/uploads\/cache\/2019\/08\/DSC00352\/4225960988.jpg\" height=\"300\" width=\"450\" class=\"skip-lazy fg-image\" \/><\/span><span class=\"fg-image-overlay\"><\/span><\/a><figcaption class=\"fg-caption\"><div class=\"fg-caption-inner\"><\/div><\/figcaption><\/figure><div class=\"fg-loader\"><\/div><\/div><div class=\"fg-item fg-type-image fg-loaded\"><figure class=\"fg-item-inner\"><a href=\"https:\/\/old.mirus.at\/wp-content\/uploads\/2019\/08\/DSC00366.jpg\" data-attachment-id=\"1020\" class=\"fg-thumb\"><span class=\"fg-image-wrap\"><img src=\"https:\/\/old.mirus.at\/wp-content\/uploads\/cache\/2019\/08\/DSC00366\/1542646423.jpg\" height=\"300\" width=\"450\" class=\"skip-lazy fg-image\" \/><\/span><span class=\"fg-image-overlay\"><\/span><\/a><figcaption class=\"fg-caption\"><div class=\"fg-caption-inner\"><\/div><\/figcaption><\/figure><div class=\"fg-loader\"><\/div><\/div><div class=\"fg-item fg-type-image fg-loaded\"><figure class=\"fg-item-inner\"><a href=\"https:\/\/old.mirus.at\/wp-content\/uploads\/2019\/08\/DSC00374.jpg\" data-attachment-id=\"1021\" class=\"fg-thumb\"><span class=\"fg-image-wrap\"><img src=\"https:\/\/old.mirus.at\/wp-content\/uploads\/cache\/2019\/08\/DSC00374\/3510406206.jpg\" height=\"300\" width=\"450\" class=\"skip-lazy fg-image\" \/><\/span><span class=\"fg-image-overlay\"><\/span><\/a><figcaption class=\"fg-caption\"><div class=\"fg-caption-inner\"><\/div><\/figcaption><\/figure><div class=\"fg-loader\"><\/div><\/div><div class=\"fg-item fg-type-image fg-loaded\"><figure class=\"fg-item-inner\"><a href=\"https:\/\/old.mirus.at\/wp-content\/uploads\/2019\/08\/DSC00384.jpg\" data-attachment-id=\"1022\" class=\"fg-thumb\"><span class=\"fg-image-wrap\"><img src=\"https:\/\/old.mirus.at\/wp-content\/uploads\/cache\/2019\/08\/DSC00384\/3041188631.jpg\" height=\"300\" width=\"450\" class=\"skip-lazy fg-image\" \/><\/span><span class=\"fg-image-overlay\"><\/span><\/a><figcaption class=\"fg-caption\"><div class=\"fg-caption-inner\"><\/div><\/figcaption><\/figure><div class=\"fg-loader\"><\/div><\/div><div class=\"fg-item fg-type-image fg-loaded\"><figure class=\"fg-item-inner\"><a href=\"https:\/\/old.mirus.at\/wp-content\/uploads\/2019\/08\/DSC00391.jpg\" data-attachment-id=\"1023\" class=\"fg-thumb\"><span class=\"fg-image-wrap\"><img src=\"https:\/\/old.mirus.at\/wp-content\/uploads\/cache\/2019\/08\/DSC00391\/894416039.jpg\" height=\"300\" width=\"450\" class=\"skip-lazy fg-image\" \/><\/span><span class=\"fg-image-overlay\"><\/span><\/a><figcaption class=\"fg-caption\"><div class=\"fg-caption-inner\"><\/div><\/figcaption><\/figure><div class=\"fg-loader\"><\/div><\/div><div class=\"fg-item fg-type-image fg-loaded\"><figure class=\"fg-item-inner\"><a href=\"https:\/\/old.mirus.at\/wp-content\/uploads\/2019\/08\/DSC00398.jpg\" data-attachment-id=\"1024\" class=\"fg-thumb\"><span class=\"fg-image-wrap\"><img src=\"https:\/\/old.mirus.at\/wp-content\/uploads\/cache\/2019\/08\/DSC00398\/1499655594.jpg\" height=\"300\" width=\"300\" class=\"skip-lazy fg-image\" \/><\/span><span class=\"fg-image-overlay\"><\/span><\/a><figcaption class=\"fg-caption\"><div class=\"fg-caption-inner\"><\/div><\/figcaption><\/figure><div class=\"fg-loader\"><\/div><\/div><div class=\"fg-item fg-type-image fg-loaded\"><figure class=\"fg-item-inner\"><a href=\"https:\/\/old.mirus.at\/wp-content\/uploads\/2019\/08\/DSC00402.jpg\" data-attachment-id=\"1025\" class=\"fg-thumb\"><span class=\"fg-image-wrap\"><img src=\"https:\/\/old.mirus.at\/wp-content\/uploads\/cache\/2019\/08\/DSC00402\/1498229207.jpg\" height=\"300\" width=\"200\" class=\"skip-lazy fg-image\" \/><\/span><span class=\"fg-image-overlay\"><\/span><\/a><figcaption class=\"fg-caption\"><div class=\"fg-caption-inner\"><\/div><\/figcaption><\/figure><div class=\"fg-loader\"><\/div><\/div><div class=\"fg-item fg-type-image fg-loaded\"><figure class=\"fg-item-inner\"><a href=\"https:\/\/old.mirus.at\/wp-content\/uploads\/2019\/08\/DSC00410.jpg\" data-attachment-id=\"1027\" class=\"fg-thumb\"><span class=\"fg-image-wrap\"><img src=\"https:\/\/old.mirus.at\/wp-content\/uploads\/cache\/2019\/08\/DSC00410\/1749211014.jpg\" height=\"300\" width=\"450\" class=\"skip-lazy fg-image\" \/><\/span><span class=\"fg-image-overlay\"><\/span><\/a><figcaption class=\"fg-caption\"><div class=\"fg-caption-inner\"><\/div><\/figcaption><\/figure><div class=\"fg-loader\"><\/div><\/div><div class=\"fg-item fg-type-image fg-loaded\"><figure class=\"fg-item-inner\"><a href=\"https:\/\/old.mirus.at\/wp-content\/uploads\/2019\/08\/DSC00406.jpg\" data-attachment-id=\"1026\" class=\"fg-thumb\"><span class=\"fg-image-wrap\"><img src=\"https:\/\/old.mirus.at\/wp-content\/uploads\/cache\/2019\/08\/DSC00406\/1724301269.jpg\" height=\"300\" width=\"450\" class=\"skip-lazy fg-image\" \/><\/span><span class=\"fg-image-overlay\"><\/span><\/a><figcaption class=\"fg-caption\"><div class=\"fg-caption-inner\"><\/div><\/figcaption><\/figure><div class=\"fg-loader\"><\/div><\/div><div class=\"fg-item fg-type-image fg-loaded\"><figure class=\"fg-item-inner\"><a href=\"https:\/\/old.mirus.at\/wp-content\/uploads\/2019\/08\/DSC00432.jpg\" data-attachment-id=\"1028\" class=\"fg-thumb\"><span class=\"fg-image-wrap\"><img src=\"https:\/\/old.mirus.at\/wp-content\/uploads\/cache\/2019\/08\/DSC00432\/1036323238.jpg\" height=\"300\" width=\"450\" class=\"skip-lazy fg-image\" \/><\/span><span class=\"fg-image-overlay\"><\/span><\/a><figcaption class=\"fg-caption\"><div class=\"fg-caption-inner\"><\/div><\/figcaption><\/figure><div class=\"fg-loader\"><\/div><\/div><div class=\"fg-item fg-type-image fg-loaded\"><figure class=\"fg-item-inner\"><a href=\"https:\/\/old.mirus.at\/wp-content\/uploads\/2019\/08\/15670882440641613927184.jpg\" data-attachment-id=\"1040\" class=\"fg-thumb\"><span class=\"fg-image-wrap\"><img src=\"https:\/\/old.mirus.at\/wp-content\/uploads\/cache\/2019\/08\/15670882440641613927184\/2675626377.jpg\" height=\"300\" width=\"400\" class=\"skip-lazy fg-image\" \/><\/span><span class=\"fg-image-overlay\"><\/span><\/a><figcaption class=\"fg-caption\"><div class=\"fg-caption-inner\"><\/div><\/figcaption><\/figure><div class=\"fg-loader\"><\/div><\/div><div class=\"fg-item fg-type-image fg-loaded\"><figure class=\"fg-item-inner\"><a href=\"https:\/\/old.mirus.at\/wp-content\/uploads\/2019\/08\/1567088251063628909015.jpg\" data-attachment-id=\"1041\" class=\"fg-thumb\"><span class=\"fg-image-wrap\"><img src=\"https:\/\/old.mirus.at\/wp-content\/uploads\/cache\/2019\/08\/1567088251063628909015\/4100079588.jpg\" height=\"300\" width=\"225\" class=\"skip-lazy fg-image\" \/><\/span><span class=\"fg-image-overlay\"><\/span><\/a><figcaption class=\"fg-caption\"><div class=\"fg-caption-inner\"><\/div><\/figcaption><\/figure><div class=\"fg-loader\"><\/div><\/div><div class=\"fg-item fg-type-image fg-loaded\"><figure class=\"fg-item-inner\"><a href=\"https:\/\/old.mirus.at\/wp-content\/uploads\/2019\/08\/1567088355935-278263439.jpg\" data-attachment-id=\"1049\" class=\"fg-thumb\"><span class=\"fg-image-wrap\"><img src=\"https:\/\/old.mirus.at\/wp-content\/uploads\/cache\/2019\/08\/1567088355935-278263439\/1845411949.jpg\" height=\"300\" width=\"400\" class=\"skip-lazy fg-image\" \/><\/span><span class=\"fg-image-overlay\"><\/span><\/a><figcaption class=\"fg-caption\"><div class=\"fg-caption-inner\"><\/div><\/figcaption><\/figure><div class=\"fg-loader\"><\/div><\/div><div class=\"fg-item fg-type-image fg-loaded\"><figure class=\"fg-item-inner\"><a href=\"https:\/\/old.mirus.at\/wp-content\/uploads\/2019\/08\/1567088317169792880441.jpg\" data-attachment-id=\"1042\" class=\"fg-thumb\"><span class=\"fg-image-wrap\"><img src=\"https:\/\/old.mirus.at\/wp-content\/uploads\/cache\/2019\/08\/1567088317169792880441\/4136924423.jpg\" height=\"300\" width=\"400\" class=\"skip-lazy fg-image\" \/><\/span><span class=\"fg-image-overlay\"><\/span><\/a><figcaption class=\"fg-caption\"><div class=\"fg-caption-inner\"><\/div><\/figcaption><\/figure><div class=\"fg-loader\"><\/div><\/div><div class=\"fg-item fg-type-image fg-loaded\"><figure class=\"fg-item-inner\"><a href=\"https:\/\/old.mirus.at\/wp-content\/uploads\/2019\/08\/1567088325536750125218.jpg\" data-attachment-id=\"1043\" class=\"fg-thumb\"><span class=\"fg-image-wrap\"><img src=\"https:\/\/old.mirus.at\/wp-content\/uploads\/cache\/2019\/08\/1567088325536750125218\/3142843297.jpg\" height=\"300\" width=\"400\" class=\"skip-lazy fg-image\" \/><\/span><span class=\"fg-image-overlay\"><\/span><\/a><figcaption class=\"fg-caption\"><div class=\"fg-caption-inner\"><\/div><\/figcaption><\/figure><div class=\"fg-loader\"><\/div><\/div><div class=\"fg-item fg-type-image fg-loaded\"><figure class=\"fg-item-inner\"><a href=\"https:\/\/old.mirus.at\/wp-content\/uploads\/2019\/08\/1567088132467-2083188609.jpg\" data-attachment-id=\"1044\" class=\"fg-thumb\"><span class=\"fg-image-wrap\"><img src=\"https:\/\/old.mirus.at\/wp-content\/uploads\/cache\/2019\/08\/1567088132467-2083188609\/163161896.jpg\" height=\"300\" width=\"400\" class=\"skip-lazy fg-image\" \/><\/span><span class=\"fg-image-overlay\"><\/span><\/a><figcaption class=\"fg-caption\"><div class=\"fg-caption-inner\"><\/div><\/figcaption><\/figure><div class=\"fg-loader\"><\/div><\/div><div class=\"fg-item fg-type-image fg-loaded\"><figure class=\"fg-item-inner\"><a href=\"https:\/\/old.mirus.at\/wp-content\/uploads\/2019\/08\/1567088191887-335995605.jpg\" data-attachment-id=\"1045\" class=\"fg-thumb\"><span class=\"fg-image-wrap\"><img src=\"https:\/\/old.mirus.at\/wp-content\/uploads\/cache\/2019\/08\/1567088191887-335995605\/124459894.jpg\" height=\"300\" width=\"400\" class=\"skip-lazy fg-image\" \/><\/span><span class=\"fg-image-overlay\"><\/span><\/a><figcaption class=\"fg-caption\"><div class=\"fg-caption-inner\"><\/div><\/figcaption><\/figure><div class=\"fg-loader\"><\/div><\/div><div class=\"fg-item fg-type-image fg-loaded\"><figure class=\"fg-item-inner\"><a href=\"https:\/\/old.mirus.at\/wp-content\/uploads\/2019\/08\/1567088223344-205427882.jpg\" data-attachment-id=\"1046\" class=\"fg-thumb\"><span class=\"fg-image-wrap\"><img src=\"https:\/\/old.mirus.at\/wp-content\/uploads\/cache\/2019\/08\/1567088223344-205427882\/3348650011.jpg\" height=\"300\" width=\"400\" class=\"skip-lazy fg-image\" \/><\/span><span class=\"fg-image-overlay\"><\/span><\/a><figcaption class=\"fg-caption\"><div class=\"fg-caption-inner\"><\/div><\/figcaption><\/figure><div class=\"fg-loader\"><\/div><\/div><div class=\"fg-item fg-type-image fg-loaded\"><figure class=\"fg-item-inner\"><a href=\"https:\/\/old.mirus.at\/wp-content\/uploads\/2019\/08\/1567088305869-205697677.jpg\" data-attachment-id=\"1047\" class=\"fg-thumb\"><span class=\"fg-image-wrap\"><img src=\"https:\/\/old.mirus.at\/wp-content\/uploads\/cache\/2019\/08\/1567088305869-205697677\/1826117694.jpg\" height=\"300\" width=\"400\" class=\"skip-lazy fg-image\" \/><\/span><span class=\"fg-image-overlay\"><\/span><\/a><figcaption class=\"fg-caption\"><div class=\"fg-caption-inner\"><\/div><\/figcaption><\/figure><div class=\"fg-loader\"><\/div><\/div><div class=\"fg-item fg-type-image fg-loaded\"><figure class=\"fg-item-inner\"><a href=\"https:\/\/old.mirus.at\/wp-content\/uploads\/2019\/08\/1567088333430-1838475082.jpg\" data-attachment-id=\"1048\" class=\"fg-thumb\"><span class=\"fg-image-wrap\"><img src=\"https:\/\/old.mirus.at\/wp-content\/uploads\/cache\/2019\/08\/1567088333430-1838475082\/4080472763.jpg\" height=\"300\" width=\"400\" class=\"skip-lazy fg-image\" \/><\/span><span class=\"fg-image-overlay\"><\/span><\/a><figcaption class=\"fg-caption\"><div class=\"fg-caption-inner\"><\/div><\/figcaption><\/figure><div class=\"fg-loader\"><\/div><\/div><div class=\"fg-item fg-type-image fg-loaded\"><figure class=\"fg-item-inner\"><a href=\"https:\/\/old.mirus.at\/wp-content\/uploads\/2019\/08\/15670881211141063147751.jpg\" data-attachment-id=\"1039\" class=\"fg-thumb\"><span class=\"fg-image-wrap\"><img src=\"https:\/\/old.mirus.at\/wp-content\/uploads\/cache\/2019\/08\/15670881211141063147751\/3839992003.jpg\" height=\"300\" width=\"400\" class=\"skip-lazy fg-image\" \/><\/span><span class=\"fg-image-overlay\"><\/span><\/a><figcaption class=\"fg-caption\"><div class=\"fg-caption-inner\"><\/div><\/figcaption><\/figure><div class=\"fg-loader\"><\/div><\/div><div class=\"fg-item fg-type-image fg-loaded\"><figure class=\"fg-item-inner\"><a href=\"https:\/\/old.mirus.at\/wp-content\/uploads\/2019\/08\/15670881066391271215284.jpg\" data-attachment-id=\"1038\" class=\"fg-thumb\"><span class=\"fg-image-wrap\"><img src=\"https:\/\/old.mirus.at\/wp-content\/uploads\/cache\/2019\/08\/15670881066391271215284\/4258704970.jpg\" height=\"300\" width=\"225\" class=\"skip-lazy fg-image\" \/><\/span><span class=\"fg-image-overlay\"><\/span><\/a><figcaption class=\"fg-caption\"><div class=\"fg-caption-inner\"><\/div><\/figcaption><\/figure><div class=\"fg-loader\"><\/div><\/div><\/div>\r\n\n","protected":false},"excerpt":{"rendered":"<p>Heute waren wir zun\u00e4chst bei Inland Sea, einem sch\u00f6nen Tauchgang bei dem man durch einen gro\u00dfen Spalt, bzw. Tunnel, ins&hellip; <\/p>\n","protected":false},"author":1,"featured_media":0,"parent":0,"menu_order":0,"comment_status":"closed","ping_status":"closed","template":"","meta":{"spay_email":""},"_links":{"self":[{"href":"https:\/\/old.mirus.at\/index.php\/wp-json\/wp\/v2\/pages\/1050"}],"collection":[{"href":"https:\/\/old.mirus.at\/index.php\/wp-json\/wp\/v2\/pages"}],"about":[{"href":"https:\/\/old.mirus.at\/index.php\/wp-json\/wp\/v2\/types\/page"}],"author":[{"embeddable":true,"href":"https:\/\/old.mirus.at\/index.php\/wp-json\/wp\/v2\/users\/1"}],"replies":[{"embeddable":true,"href":"https:\/\/old.mirus.at\/index.php\/wp-json\/wp\/v2\/comments?post=1050"}],"version-history":[{"count":4,"href":"https:\/\/old.mirus.at\/index.php\/wp-json\/wp\/v2\/pages\/1050\/revisions"}],"predecessor-version":[{"id":1056,"href":"https:\/\/old.mirus.at\/index.php\/wp-json\/wp\/v2\/pages\/1050\/revisions\/1056"}],"wp:attachment":[{"href":"https:\/\/old.mirus.at\/index.php\/wp-json\/wp\/v2\/media?parent=1050"}],"curies":[{"name":"wp","href":"https:\/\/api.w.org\/{rel}","templated":true}]}}