{"id":1010,"date":"2019-08-28T21:41:33","date_gmt":"2019-08-28T19:41:33","guid":{"rendered":"http:\/\/mirus.at\/?page_id=1010"},"modified":"2019-08-28T21:41:34","modified_gmt":"2019-08-28T19:41:34","slug":"gozo-2019-tag-5-28-8-2019","status":"publish","type":"page","link":"https:\/\/old.mirus.at\/index.php\/gozo-2019-tag-5-28-8-2019\/","title":{"rendered":"Gozo 2019 &#8211; Tag 5 &#8211; 28.8.2019"},"content":{"rendered":"<p>Heute konnte ich ENDLICH wieder tauchen. Und das gleich auf einem super Tauchplatz &#8211; Cathedral Cave. Dieser ist sicherlich einer der sch\u00f6nsten auf der Insel, man taucht in die namensgebende H\u00f6hle, in der man auch auftauchen und dank einem Spalt Frischluft atmen kann. Herausragend ist sie aber vor allem aufgrund des Lichts das von au\u00dfen hereinkommt und den H\u00f6hleneingang (und etwaige Taucher) als sch\u00f6ne Silhouette erstrahlen l\u00e4sst. Der zweite Tauchgang war bei Reqqa Point, nur wenige hundert Meter entfernt. Hier hatte ich allerdings leichte Druckausgleichs- und Maskenschwierigkeiten, was das Tauchen etwas stressig gemacht hat. Ich konnte allerdings einige Quallen und sogar einen Oktopus fotografieren.<br \/>\nAm Ende der Galerie sind wie immer auch die Fotos von Papas Nikon W300.<\/p>\n\t\t\t<style>\r\n                #foogallery-gallery-976.fg-justified .fg-item {\r\n                    margin-right: 1px;\r\n                    margin-bottom: 1px;\r\n                }\r\n\r\n                #foogallery-gallery-976.fg-justified .fg-image {\r\n                    height: 150px;\r\n                }\r\n\t\t\t<\/style>\r\n\t\t\t<div class=\"foogallery foogallery-container foogallery-justified foogallery-lightbox-none fg-justified fg-light fg-border-thin fg-shadow-outline fg-loading-default fg-loaded-fade-in fg-caption-hover fg-hover-fade fg-hover-zoom fg-ready\" id=\"foogallery-gallery-976\" data-foogallery=\"{&quot;item&quot;:{&quot;showCaptionTitle&quot;:true,&quot;showCaptionDescription&quot;:true},&quot;lazy&quot;:false,&quot;src&quot;:&quot;src&quot;,&quot;srcset&quot;:&quot;srcset&quot;,&quot;template&quot;:{&quot;rowHeight&quot;:150,&quot;maxRowHeight&quot;:300,&quot;margins&quot;:1,&quot;align&quot;:&quot;center&quot;,&quot;lastRow&quot;:&quot;smart&quot;}}\" >\r\n\t<div class=\"fg-item fg-type-image fg-loaded\"><figure class=\"fg-item-inner\"><a href=\"https:\/\/old.mirus.at\/wp-content\/uploads\/2019\/08\/DSC00189.jpg\" data-attachment-id=\"987\" class=\"fg-thumb\"><span class=\"fg-image-wrap\"><img src=\"https:\/\/old.mirus.at\/wp-content\/uploads\/cache\/2019\/08\/DSC00189\/1611591247.jpg\" height=\"300\" width=\"450\" class=\"skip-lazy fg-image\" \/><\/span><span class=\"fg-image-overlay\"><\/span><\/a><figcaption class=\"fg-caption\"><div class=\"fg-caption-inner\"><\/div><\/figcaption><\/figure><div class=\"fg-loader\"><\/div><\/div><div class=\"fg-item fg-type-image fg-loaded\"><figure class=\"fg-item-inner\"><a href=\"https:\/\/old.mirus.at\/wp-content\/uploads\/2019\/08\/DSC00188.jpg\" data-attachment-id=\"986\" class=\"fg-thumb\"><span class=\"fg-image-wrap\"><img src=\"https:\/\/old.mirus.at\/wp-content\/uploads\/cache\/2019\/08\/DSC00188\/1547614845.jpg\" height=\"300\" width=\"450\" class=\"skip-lazy fg-image\" \/><\/span><span class=\"fg-image-overlay\"><\/span><\/a><figcaption class=\"fg-caption\"><div class=\"fg-caption-inner\"><\/div><\/figcaption><\/figure><div class=\"fg-loader\"><\/div><\/div><div class=\"fg-item fg-type-image fg-loaded\"><figure class=\"fg-item-inner\"><a href=\"https:\/\/old.mirus.at\/wp-content\/uploads\/2019\/08\/DSC00183.jpg\" data-attachment-id=\"985\" class=\"fg-thumb\"><span class=\"fg-image-wrap\"><img src=\"https:\/\/old.mirus.at\/wp-content\/uploads\/cache\/2019\/08\/DSC00183\/3414908318.jpg\" height=\"300\" width=\"450\" class=\"skip-lazy fg-image\" \/><\/span><span class=\"fg-image-overlay\"><\/span><\/a><figcaption class=\"fg-caption\"><div class=\"fg-caption-inner\"><\/div><\/figcaption><\/figure><div class=\"fg-loader\"><\/div><\/div><div class=\"fg-item fg-type-image fg-loaded\"><figure class=\"fg-item-inner\"><a href=\"https:\/\/old.mirus.at\/wp-content\/uploads\/2019\/08\/DSC00193.jpg\" data-attachment-id=\"988\" class=\"fg-thumb\"><span class=\"fg-image-wrap\"><img src=\"https:\/\/old.mirus.at\/wp-content\/uploads\/cache\/2019\/08\/DSC00193\/2985819943.jpg\" height=\"300\" width=\"450\" class=\"skip-lazy fg-image\" \/><\/span><span class=\"fg-image-overlay\"><\/span><\/a><figcaption class=\"fg-caption\"><div class=\"fg-caption-inner\"><\/div><\/figcaption><\/figure><div class=\"fg-loader\"><\/div><\/div><div class=\"fg-item fg-type-image fg-loaded\"><figure class=\"fg-item-inner\"><a href=\"https:\/\/old.mirus.at\/wp-content\/uploads\/2019\/08\/DSC00196.jpg\" data-attachment-id=\"989\" class=\"fg-thumb\"><span class=\"fg-image-wrap\"><img src=\"https:\/\/old.mirus.at\/wp-content\/uploads\/cache\/2019\/08\/DSC00196\/160277999.jpg\" height=\"300\" width=\"450\" class=\"skip-lazy fg-image\" \/><\/span><span class=\"fg-image-overlay\"><\/span><\/a><figcaption class=\"fg-caption\"><div class=\"fg-caption-inner\"><\/div><\/figcaption><\/figure><div class=\"fg-loader\"><\/div><\/div><div class=\"fg-item fg-type-image fg-loaded\"><figure class=\"fg-item-inner\"><a href=\"https:\/\/old.mirus.at\/wp-content\/uploads\/2019\/08\/DSC00200.jpg\" data-attachment-id=\"990\" class=\"fg-thumb\"><span class=\"fg-image-wrap\"><img src=\"https:\/\/old.mirus.at\/wp-content\/uploads\/cache\/2019\/08\/DSC00200\/1315585135.jpg\" height=\"300\" width=\"450\" class=\"skip-lazy fg-image\" \/><\/span><span class=\"fg-image-overlay\"><\/span><\/a><figcaption class=\"fg-caption\"><div class=\"fg-caption-inner\"><\/div><\/figcaption><\/figure><div class=\"fg-loader\"><\/div><\/div><div class=\"fg-item fg-type-image fg-loaded\"><figure class=\"fg-item-inner\"><a href=\"https:\/\/old.mirus.at\/wp-content\/uploads\/2019\/08\/DSC00214.jpg\" data-attachment-id=\"992\" class=\"fg-thumb\"><span class=\"fg-image-wrap\"><img src=\"https:\/\/old.mirus.at\/wp-content\/uploads\/cache\/2019\/08\/DSC00214\/3877538255.jpg\" height=\"300\" width=\"450\" class=\"skip-lazy fg-image\" \/><\/span><span class=\"fg-image-overlay\"><\/span><\/a><figcaption class=\"fg-caption\"><div class=\"fg-caption-inner\"><\/div><\/figcaption><\/figure><div class=\"fg-loader\"><\/div><\/div><div class=\"fg-item fg-type-image fg-loaded\"><figure class=\"fg-item-inner\"><a href=\"https:\/\/old.mirus.at\/wp-content\/uploads\/2019\/08\/DSC00210.jpg\" data-attachment-id=\"991\" class=\"fg-thumb\"><span class=\"fg-image-wrap\"><img src=\"https:\/\/old.mirus.at\/wp-content\/uploads\/cache\/2019\/08\/DSC00210\/2844490880.jpg\" height=\"300\" width=\"450\" class=\"skip-lazy fg-image\" \/><\/span><span class=\"fg-image-overlay\"><\/span><\/a><figcaption class=\"fg-caption\"><div class=\"fg-caption-inner\"><\/div><\/figcaption><\/figure><div class=\"fg-loader\"><\/div><\/div><div class=\"fg-item fg-type-image fg-loaded\"><figure class=\"fg-item-inner\"><a href=\"https:\/\/old.mirus.at\/wp-content\/uploads\/2019\/08\/DSC00216.jpg\" data-attachment-id=\"977\" class=\"fg-thumb\"><span class=\"fg-image-wrap\"><img src=\"https:\/\/old.mirus.at\/wp-content\/uploads\/cache\/2019\/08\/DSC00216\/3354263648.jpg\" height=\"300\" width=\"450\" class=\"skip-lazy fg-image\" \/><\/span><span class=\"fg-image-overlay\"><\/span><\/a><figcaption class=\"fg-caption\"><div class=\"fg-caption-inner\"><\/div><\/figcaption><\/figure><div class=\"fg-loader\"><\/div><\/div><div class=\"fg-item fg-type-image fg-loaded\"><figure class=\"fg-item-inner\"><a href=\"https:\/\/old.mirus.at\/wp-content\/uploads\/2019\/08\/DSC00219.jpg\" data-attachment-id=\"978\" class=\"fg-thumb\"><span class=\"fg-image-wrap\"><img src=\"https:\/\/old.mirus.at\/wp-content\/uploads\/cache\/2019\/08\/DSC00219\/1233914671.jpg\" height=\"300\" width=\"450\" class=\"skip-lazy fg-image\" \/><\/span><span class=\"fg-image-overlay\"><\/span><\/a><figcaption class=\"fg-caption\"><div class=\"fg-caption-inner\"><\/div><\/figcaption><\/figure><div class=\"fg-loader\"><\/div><\/div><div class=\"fg-item fg-type-image fg-loaded\"><figure class=\"fg-item-inner\"><a href=\"https:\/\/old.mirus.at\/wp-content\/uploads\/2019\/08\/DSC00227.jpg\" data-attachment-id=\"979\" class=\"fg-thumb\"><span class=\"fg-image-wrap\"><img src=\"https:\/\/old.mirus.at\/wp-content\/uploads\/cache\/2019\/08\/DSC00227\/2500948340.jpg\" height=\"300\" width=\"450\" class=\"skip-lazy fg-image\" \/><\/span><span class=\"fg-image-overlay\"><\/span><\/a><figcaption class=\"fg-caption\"><div class=\"fg-caption-inner\"><\/div><\/figcaption><\/figure><div class=\"fg-loader\"><\/div><\/div><div class=\"fg-item fg-type-image fg-loaded\"><figure class=\"fg-item-inner\"><a href=\"https:\/\/old.mirus.at\/wp-content\/uploads\/2019\/08\/DSC00251.jpg\" data-attachment-id=\"980\" class=\"fg-thumb\"><span class=\"fg-image-wrap\"><img src=\"https:\/\/old.mirus.at\/wp-content\/uploads\/cache\/2019\/08\/DSC00251\/398920745.jpg\" height=\"300\" width=\"450\" class=\"skip-lazy fg-image\" \/><\/span><span class=\"fg-image-overlay\"><\/span><\/a><figcaption class=\"fg-caption\"><div class=\"fg-caption-inner\"><\/div><\/figcaption><\/figure><div class=\"fg-loader\"><\/div><\/div><div class=\"fg-item fg-type-image fg-loaded\"><figure class=\"fg-item-inner\"><a href=\"https:\/\/old.mirus.at\/wp-content\/uploads\/2019\/08\/DSC00274.jpg\" data-attachment-id=\"981\" class=\"fg-thumb\"><span class=\"fg-image-wrap\"><img src=\"https:\/\/old.mirus.at\/wp-content\/uploads\/cache\/2019\/08\/DSC00274\/2169208423.jpg\" height=\"300\" width=\"450\" class=\"skip-lazy fg-image\" \/><\/span><span class=\"fg-image-overlay\"><\/span><\/a><figcaption class=\"fg-caption\"><div class=\"fg-caption-inner\"><\/div><\/figcaption><\/figure><div class=\"fg-loader\"><\/div><\/div><div class=\"fg-item fg-type-image fg-loaded\"><figure class=\"fg-item-inner\"><a href=\"https:\/\/old.mirus.at\/wp-content\/uploads\/2019\/08\/DSC00277.jpg\" data-attachment-id=\"1009\" class=\"fg-thumb\"><span class=\"fg-image-wrap\"><img src=\"https:\/\/old.mirus.at\/wp-content\/uploads\/cache\/2019\/08\/DSC00277\/3305371805.jpg\" height=\"300\" width=\"450\" class=\"skip-lazy fg-image\" \/><\/span><span class=\"fg-image-overlay\"><\/span><\/a><figcaption class=\"fg-caption\"><div class=\"fg-caption-inner\"><\/div><\/figcaption><\/figure><div class=\"fg-loader\"><\/div><\/div><div class=\"fg-item fg-type-image fg-loaded\"><figure class=\"fg-item-inner\"><a href=\"https:\/\/old.mirus.at\/wp-content\/uploads\/2019\/08\/DSC00284.jpg\" data-attachment-id=\"983\" class=\"fg-thumb\"><span class=\"fg-image-wrap\"><img src=\"https:\/\/old.mirus.at\/wp-content\/uploads\/cache\/2019\/08\/DSC00284\/1689722543.jpg\" height=\"300\" width=\"450\" class=\"skip-lazy fg-image\" \/><\/span><span class=\"fg-image-overlay\"><\/span><\/a><figcaption class=\"fg-caption\"><div class=\"fg-caption-inner\"><\/div><\/figcaption><\/figure><div class=\"fg-loader\"><\/div><\/div><div class=\"fg-item fg-type-image fg-loaded\"><figure class=\"fg-item-inner\"><a href=\"https:\/\/old.mirus.at\/wp-content\/uploads\/2019\/08\/DSC00281.jpg\" data-attachment-id=\"982\" class=\"fg-thumb\"><span class=\"fg-image-wrap\"><img src=\"https:\/\/old.mirus.at\/wp-content\/uploads\/cache\/2019\/08\/DSC00281\/3704439911.jpg\" height=\"300\" width=\"450\" class=\"skip-lazy fg-image\" \/><\/span><span class=\"fg-image-overlay\"><\/span><\/a><figcaption class=\"fg-caption\"><div class=\"fg-caption-inner\"><\/div><\/figcaption><\/figure><div class=\"fg-loader\"><\/div><\/div><div class=\"fg-item fg-type-image fg-loaded\"><figure class=\"fg-item-inner\"><a href=\"https:\/\/old.mirus.at\/wp-content\/uploads\/2019\/08\/DSC00286.jpg\" data-attachment-id=\"984\" class=\"fg-thumb\"><span class=\"fg-image-wrap\"><img src=\"https:\/\/old.mirus.at\/wp-content\/uploads\/cache\/2019\/08\/DSC00286\/2563161173.jpg\" height=\"300\" width=\"450\" class=\"skip-lazy fg-image\" \/><\/span><span class=\"fg-image-overlay\"><\/span><\/a><figcaption class=\"fg-caption\"><div class=\"fg-caption-inner\"><\/div><\/figcaption><\/figure><div class=\"fg-loader\"><\/div><\/div><div class=\"fg-item fg-type-image fg-loaded\"><figure class=\"fg-item-inner\"><a href=\"https:\/\/old.mirus.at\/wp-content\/uploads\/2019\/08\/1567019339907431129501.jpg\" data-attachment-id=\"993\" class=\"fg-thumb\"><span class=\"fg-image-wrap\"><img src=\"https:\/\/old.mirus.at\/wp-content\/uploads\/cache\/2019\/08\/1567019339907431129501\/1374640831.jpg\" height=\"300\" width=\"400\" class=\"skip-lazy fg-image\" \/><\/span><span class=\"fg-image-overlay\"><\/span><\/a><figcaption class=\"fg-caption\"><div class=\"fg-caption-inner\"><\/div><\/figcaption><\/figure><div class=\"fg-loader\"><\/div><\/div><div class=\"fg-item fg-type-image fg-loaded\"><figure class=\"fg-item-inner\"><a href=\"https:\/\/old.mirus.at\/wp-content\/uploads\/2019\/08\/15670193146861642394147.jpg\" data-attachment-id=\"1008\" class=\"fg-thumb\"><span class=\"fg-image-wrap\"><img src=\"https:\/\/old.mirus.at\/wp-content\/uploads\/cache\/2019\/08\/15670193146861642394147\/3640917560.jpg\" height=\"300\" width=\"225\" class=\"skip-lazy fg-image\" \/><\/span><span class=\"fg-image-overlay\"><\/span><\/a><figcaption class=\"fg-caption\"><div class=\"fg-caption-inner\"><\/div><\/figcaption><\/figure><div class=\"fg-loader\"><\/div><\/div><div class=\"fg-item fg-type-image fg-loaded\"><figure class=\"fg-item-inner\"><a href=\"https:\/\/old.mirus.at\/wp-content\/uploads\/2019\/08\/15670193069021442386275.jpg\" data-attachment-id=\"1007\" class=\"fg-thumb\"><span class=\"fg-image-wrap\"><img src=\"https:\/\/old.mirus.at\/wp-content\/uploads\/cache\/2019\/08\/15670193069021442386275\/3231578687.jpg\" height=\"300\" width=\"400\" class=\"skip-lazy fg-image\" \/><\/span><span class=\"fg-image-overlay\"><\/span><\/a><figcaption class=\"fg-caption\"><div class=\"fg-caption-inner\"><\/div><\/figcaption><\/figure><div class=\"fg-loader\"><\/div><\/div><div class=\"fg-item fg-type-image fg-loaded\"><figure class=\"fg-item-inner\"><a href=\"https:\/\/old.mirus.at\/wp-content\/uploads\/2019\/08\/1567019010340-1148702757.jpg\" data-attachment-id=\"994\" class=\"fg-thumb\"><span class=\"fg-image-wrap\"><img src=\"https:\/\/old.mirus.at\/wp-content\/uploads\/cache\/2019\/08\/1567019010340-1148702757\/2919552648.jpg\" height=\"300\" width=\"400\" class=\"skip-lazy fg-image\" \/><\/span><span class=\"fg-image-overlay\"><\/span><\/a><figcaption class=\"fg-caption\"><div class=\"fg-caption-inner\"><\/div><\/figcaption><\/figure><div class=\"fg-loader\"><\/div><\/div><div class=\"fg-item fg-type-image fg-loaded\"><figure class=\"fg-item-inner\"><a href=\"https:\/\/old.mirus.at\/wp-content\/uploads\/2019\/08\/1567019039382-492123099.jpg\" data-attachment-id=\"995\" class=\"fg-thumb\"><span class=\"fg-image-wrap\"><img src=\"https:\/\/old.mirus.at\/wp-content\/uploads\/cache\/2019\/08\/1567019039382-492123099\/3483872636.jpg\" height=\"300\" width=\"400\" class=\"skip-lazy fg-image\" \/><\/span><span class=\"fg-image-overlay\"><\/span><\/a><figcaption class=\"fg-caption\"><div class=\"fg-caption-inner\"><\/div><\/figcaption><\/figure><div class=\"fg-loader\"><\/div><\/div><div class=\"fg-item fg-type-image fg-loaded\"><figure class=\"fg-item-inner\"><a href=\"https:\/\/old.mirus.at\/wp-content\/uploads\/2019\/08\/1567019148961-190042708.jpg\" data-attachment-id=\"996\" class=\"fg-thumb\"><span class=\"fg-image-wrap\"><img src=\"https:\/\/old.mirus.at\/wp-content\/uploads\/cache\/2019\/08\/1567019148961-190042708\/3464427927.jpg\" height=\"300\" width=\"400\" class=\"skip-lazy fg-image\" \/><\/span><span class=\"fg-image-overlay\"><\/span><\/a><figcaption class=\"fg-caption\"><div class=\"fg-caption-inner\"><\/div><\/figcaption><\/figure><div class=\"fg-loader\"><\/div><\/div><div class=\"fg-item fg-type-image fg-loaded\"><figure class=\"fg-item-inner\"><a href=\"https:\/\/old.mirus.at\/wp-content\/uploads\/2019\/08\/1567019168596-1650223590.jpg\" data-attachment-id=\"997\" class=\"fg-thumb\"><span class=\"fg-image-wrap\"><img src=\"https:\/\/old.mirus.at\/wp-content\/uploads\/cache\/2019\/08\/1567019168596-1650223590\/107567957.jpg\" height=\"300\" width=\"400\" class=\"skip-lazy fg-image\" \/><\/span><span class=\"fg-image-overlay\"><\/span><\/a><figcaption class=\"fg-caption\"><div class=\"fg-caption-inner\"><\/div><\/figcaption><\/figure><div class=\"fg-loader\"><\/div><\/div><div class=\"fg-item fg-type-image fg-loaded\"><figure class=\"fg-item-inner\"><a href=\"https:\/\/old.mirus.at\/wp-content\/uploads\/2019\/08\/1567019221666-1594286849.jpg\" data-attachment-id=\"998\" class=\"fg-thumb\"><span class=\"fg-image-wrap\"><img src=\"https:\/\/old.mirus.at\/wp-content\/uploads\/cache\/2019\/08\/1567019221666-1594286849\/2827230426.jpg\" height=\"300\" width=\"400\" class=\"skip-lazy fg-image\" \/><\/span><span class=\"fg-image-overlay\"><\/span><\/a><figcaption class=\"fg-caption\"><div class=\"fg-caption-inner\"><\/div><\/figcaption><\/figure><div class=\"fg-loader\"><\/div><\/div><div class=\"fg-item fg-type-image fg-loaded\"><figure class=\"fg-item-inner\"><a href=\"https:\/\/old.mirus.at\/wp-content\/uploads\/2019\/08\/1567019239391-677313605.jpg\" data-attachment-id=\"999\" class=\"fg-thumb\"><span class=\"fg-image-wrap\"><img src=\"https:\/\/old.mirus.at\/wp-content\/uploads\/cache\/2019\/08\/1567019239391-677313605\/4083626203.jpg\" height=\"300\" width=\"400\" class=\"skip-lazy fg-image\" \/><\/span><span class=\"fg-image-overlay\"><\/span><\/a><figcaption class=\"fg-caption\"><div class=\"fg-caption-inner\"><\/div><\/figcaption><\/figure><div class=\"fg-loader\"><\/div><\/div><div class=\"fg-item fg-type-image fg-loaded\"><figure class=\"fg-item-inner\"><a href=\"https:\/\/old.mirus.at\/wp-content\/uploads\/2019\/08\/15670190281421020748491.jpg\" data-attachment-id=\"1001\" class=\"fg-thumb\"><span class=\"fg-image-wrap\"><img src=\"https:\/\/old.mirus.at\/wp-content\/uploads\/cache\/2019\/08\/15670190281421020748491\/1658048983.jpg\" height=\"300\" width=\"225\" class=\"skip-lazy fg-image\" \/><\/span><span class=\"fg-image-overlay\"><\/span><\/a><figcaption class=\"fg-caption\"><div class=\"fg-caption-inner\"><\/div><\/figcaption><\/figure><div class=\"fg-loader\"><\/div><\/div><div class=\"fg-item fg-type-image fg-loaded\"><figure class=\"fg-item-inner\"><a href=\"https:\/\/old.mirus.at\/wp-content\/uploads\/2019\/08\/15670190718481250615067.jpg\" data-attachment-id=\"1002\" class=\"fg-thumb\"><span class=\"fg-image-wrap\"><img src=\"https:\/\/old.mirus.at\/wp-content\/uploads\/cache\/2019\/08\/15670190718481250615067\/1492538570.jpg\" height=\"300\" width=\"400\" class=\"skip-lazy fg-image\" \/><\/span><span class=\"fg-image-overlay\"><\/span><\/a><figcaption class=\"fg-caption\"><div class=\"fg-caption-inner\"><\/div><\/figcaption><\/figure><div class=\"fg-loader\"><\/div><\/div><div class=\"fg-item fg-type-image fg-loaded\"><figure class=\"fg-item-inner\"><a href=\"https:\/\/old.mirus.at\/wp-content\/uploads\/2019\/08\/1567019079919307688034.jpg\" data-attachment-id=\"1003\" class=\"fg-thumb\"><span class=\"fg-image-wrap\"><img src=\"https:\/\/old.mirus.at\/wp-content\/uploads\/cache\/2019\/08\/1567019079919307688034\/332945975.jpg\" height=\"300\" width=\"400\" class=\"skip-lazy fg-image\" \/><\/span><span class=\"fg-image-overlay\"><\/span><\/a><figcaption class=\"fg-caption\"><div class=\"fg-caption-inner\"><\/div><\/figcaption><\/figure><div class=\"fg-loader\"><\/div><\/div><div class=\"fg-item fg-type-image fg-loaded\"><figure class=\"fg-item-inner\"><a href=\"https:\/\/old.mirus.at\/wp-content\/uploads\/2019\/08\/1567019103940557530095.jpg\" data-attachment-id=\"1004\" class=\"fg-thumb\"><span class=\"fg-image-wrap\"><img src=\"https:\/\/old.mirus.at\/wp-content\/uploads\/cache\/2019\/08\/1567019103940557530095\/708978020.jpg\" height=\"300\" width=\"400\" class=\"skip-lazy fg-image\" \/><\/span><span class=\"fg-image-overlay\"><\/span><\/a><figcaption class=\"fg-caption\"><div class=\"fg-caption-inner\"><\/div><\/figcaption><\/figure><div class=\"fg-loader\"><\/div><\/div><div class=\"fg-item fg-type-image fg-loaded\"><figure class=\"fg-item-inner\"><a href=\"https:\/\/old.mirus.at\/wp-content\/uploads\/2019\/08\/1567019183459783469922.jpg\" data-attachment-id=\"1005\" class=\"fg-thumb\"><span class=\"fg-image-wrap\"><img src=\"https:\/\/old.mirus.at\/wp-content\/uploads\/cache\/2019\/08\/1567019183459783469922\/1014639770.jpg\" height=\"300\" width=\"400\" class=\"skip-lazy fg-image\" \/><\/span><span class=\"fg-image-overlay\"><\/span><\/a><figcaption class=\"fg-caption\"><div class=\"fg-caption-inner\"><\/div><\/figcaption><\/figure><div class=\"fg-loader\"><\/div><\/div><div class=\"fg-item fg-type-image fg-loaded\"><figure class=\"fg-item-inner\"><a href=\"https:\/\/old.mirus.at\/wp-content\/uploads\/2019\/08\/15670192124501245011299.jpg\" data-attachment-id=\"1006\" class=\"fg-thumb\"><span class=\"fg-image-wrap\"><img src=\"https:\/\/old.mirus.at\/wp-content\/uploads\/cache\/2019\/08\/15670192124501245011299\/2767648409.jpg\" height=\"300\" width=\"400\" class=\"skip-lazy fg-image\" \/><\/span><span class=\"fg-image-overlay\"><\/span><\/a><figcaption class=\"fg-caption\"><div class=\"fg-caption-inner\"><\/div><\/figcaption><\/figure><div class=\"fg-loader\"><\/div><\/div><div class=\"fg-item fg-type-image fg-loaded\"><figure class=\"fg-item-inner\"><a href=\"https:\/\/old.mirus.at\/wp-content\/uploads\/2019\/08\/15670190186391988404004.jpg\" data-attachment-id=\"1000\" class=\"fg-thumb\"><span class=\"fg-image-wrap\"><img src=\"https:\/\/old.mirus.at\/wp-content\/uploads\/cache\/2019\/08\/15670190186391988404004\/184203860.jpg\" height=\"300\" width=\"400\" class=\"skip-lazy fg-image\" \/><\/span><span class=\"fg-image-overlay\"><\/span><\/a><figcaption class=\"fg-caption\"><div class=\"fg-caption-inner\"><\/div><\/figcaption><\/figure><div class=\"fg-loader\"><\/div><\/div><\/div>\r\n\n","protected":false},"excerpt":{"rendered":"<p>Heute konnte ich ENDLICH wieder tauchen. Und das gleich auf einem super Tauchplatz &#8211; Cathedral Cave. Dieser ist sicherlich einer&hellip; <\/p>\n","protected":false},"author":1,"featured_media":0,"parent":0,"menu_order":0,"comment_status":"closed","ping_status":"closed","template":"","meta":{"spay_email":""},"_links":{"self":[{"href":"https:\/\/old.mirus.at\/index.php\/wp-json\/wp\/v2\/pages\/1010"}],"collection":[{"href":"https:\/\/old.mirus.at\/index.php\/wp-json\/wp\/v2\/pages"}],"about":[{"href":"https:\/\/old.mirus.at\/index.php\/wp-json\/wp\/v2\/types\/page"}],"author":[{"embeddable":true,"href":"https:\/\/old.mirus.at\/index.php\/wp-json\/wp\/v2\/users\/1"}],"replies":[{"embeddable":true,"href":"https:\/\/old.mirus.at\/index.php\/wp-json\/wp\/v2\/comments?post=1010"}],"version-history":[{"count":1,"href":"https:\/\/old.mirus.at\/index.php\/wp-json\/wp\/v2\/pages\/1010\/revisions"}],"predecessor-version":[{"id":1011,"href":"https:\/\/old.mirus.at\/index.php\/wp-json\/wp\/v2\/pages\/1010\/revisions\/1011"}],"wp:attachment":[{"href":"https:\/\/old.mirus.at\/index.php\/wp-json\/wp\/v2\/media?parent=1010"}],"curies":[{"name":"wp","href":"https:\/\/api.w.org\/{rel}","templated":true}]}}